{"id":9004111222019410,"date":"2023-05-17T14:18:48","date_gmt":"2023-05-17T18:18:48","guid":{"rendered":"https:\/\/3c98cd88ae.nxcli.io\/?page_id=9004111222019410"},"modified":"2023-05-19T08:46:32","modified_gmt":"2023-05-19T12:46:32","slug":"cookie-politique","status":"publish","type":"page","link":"https:\/\/sago.com\/fr\/legal\/cookie-politique\/","title":{"rendered":"Cookie Politique"},"content":{"rendered":"<h2>1.1. Objectif<\/h2>\n<p>Cette politique en mati\u00e8re de cookies s\u2019adresse \u00e0 tous les utilisateurs de Sago &#8211; internes et externes.<\/p>\n<h2>1.2. Politique<\/h2>\n<p>Nous utilisons des cookies pour am\u00e9liorer votre exp\u00e9rience sur notre site web sago.com. Cette politique en mati\u00e8re de cookies fait partie de la politique de confidentialit\u00e9 de Sago. Elle couvre l&rsquo;utilisation des cookies entre votre appareil et notre site.<\/p>\n<p>Nous fournissons \u00e9galement des informations de base sur les services tiers que nous pouvons utiliser et qui peuvent \u00e9galement utiliser des cookies dans le cadre de leurs services. La pr\u00e9sente politique ne couvre pas leurs cookies.<\/p>\n<p>Si vous souhaitez refuser nos cookies, vous devez indiquer \u00e0 votre navigateur de refuser les cookies provenant de <a href=\"https:\/\/www.sago.com\">https:\/\/sago.com<\/a>. Dans ce cas, il se peut que nous ne soyons pas en mesure de vous fournir certains contenus et services que vous pourriez souhaiter.<\/p>\n<h3>1.2.1 Qu&rsquo;est-ce qu\u2019un cookie ?<\/h3>\n<p>Un cookie est un petit fichier texte sauvegard\u00e9 sur votre ordinateur lorsque vous visitez un site web. Il contient g\u00e9n\u00e9ralement des informations sur le site web lui-m\u00eame, un identifiant unique qui permet au site de reconna\u00eetre votre navigateur web lorsque vous revenez, des donn\u00e9es suppl\u00e9mentaires qui servent les fonctions du cookie et sa dur\u00e9e de vie.<\/p>\n<p>Les cookies sont utilis\u00e9s pour activer certaines fonctions (par exemple la connexion), suivre votre utilisation du site (par exemple des statistiques), m\u00e9moriser vos param\u00e8tres d&rsquo;utilisateur (par exemple votre fuseau horaire, vos pr\u00e9f\u00e9rences en mati\u00e8re de notification) et personnaliser votre contenu (par exemple la publicit\u00e9, la langue).<\/p>\n<p>Les cookies mis en place par le site web que vous visitez sont g\u00e9n\u00e9ralement appel\u00e9s cookies internes. Ils ne suivent g\u00e9n\u00e9ralement que votre activit\u00e9 sur le site en question.<\/p>\n<p>Les cookies mis en place par d&rsquo;autres sites et entreprises (c&rsquo;est-\u00e0-dire des tiers) sont appel\u00e9s cookies de tiers. Ils peuvent \u00eatre utilis\u00e9s pour vous suivre sur d&rsquo;autres sites web qui utilisent le m\u00eame service tiers.<\/p>\n<h3>1.2.2 Types de cookies et leur utilisation<\/h3>\n<h3>Cookies essentiels<\/h3>\n<p>Les cookies essentiels sont indispensables \u00e0 l&rsquo;utilisation d&rsquo;un site web, car ils permettent d&rsquo;acc\u00e9der \u00e0 des fonctions de base telles que la connexion des utilisateurs, la gestion des comptes, les paniers d&rsquo;achat et le traitement des paiements.<\/p>\n<p>Nous utilisons des cookies essentiels pour permettre certaines fonctions sur notre site web.<\/p>\n<p>L&rsquo;un des cookies essentiels les plus importants sur notre site web est mis en place par usercentrics.com, la plateforme tierce que nous utilisons pour g\u00e9rer les cookies sur notre site web sur la base du consentement de l&rsquo;utilisateur. Il stocke le consentement de l&rsquo;utilisateur pour le traitement des cookies sur notre site web. Vous pouvez modifier votre consentement \u00e0 tout moment en cliquant <a href=\"#\" onclick=\"UC_UI.showSecondLayer();\"> ici<\/a><span data-mce-type=\"bookmark\" style=\"display: inline-block; width: 0px; overflow: hidden; line-height: 0;\" class=\"mce_SELRES_start\">\ufeff<\/span>.<\/p>\n<h3>Cookies de fonctionnalit\u00e9<\/h3>\n<p>Les cookies de fonctionnalit\u00e9 sont utilis\u00e9s pour collecter des informations sur votre appareil et sur les param\u00e8tres que vous pouvez configurer sur le site web que vous visitez (comme la langue et le fuseau horaire). Gr\u00e2ce \u00e0 ces informations, les sites web peuvent vous fournir un contenu et des services personnalis\u00e9s, am\u00e9lior\u00e9s ou optimis\u00e9s. Ces cookies peuvent \u00eatre install\u00e9s par le site web que vous visitez ou par des services tiers.<\/p>\n<p>Nous utilisons des cookies de fonctionnalit\u00e9 pour certaines fonctions de notre site.<\/p>\n<h3>Cookies de marketing<\/h3>\n<p>Les cookies marketing nous permettent de mesurer la performance du site web (exemple : statistiques) et le succ\u00e8s des campagnes marketing. Ces cookies sont en g\u00e9n\u00e9ral mis en place par des entit\u00e9s tierces telles que Google Analytics, Google Ads, et Marketo&#8230; Ces cookies nous aident \u00e9galement \u00e0 vous montrer le contenu pertinent sur notre site web en utilisant le chatbot et d&rsquo;autres fonctionnalit\u00e9s disponibles sur notre site web. Les cookies marketing peuvent \u00eatre divis\u00e9s en plusieurs cat\u00e9gories :<\/p>\n<ul>\n<li>Cookies de performance<br \/>\nLes cookies de performance permettent de savoir comment vous utilisez un site web au cours de votre visite. G\u00e9n\u00e9ralement, ces informations sont anonymes et agr\u00e9g\u00e9es, les informations \u00e9tant suivies pour l&rsquo;ensemble des utilisateurs du site. Ils aident les entreprises \u00e0 comprendre les habitudes d&rsquo;utilisation des visiteurs, \u00e0 identifier et \u00e0 diagnostiquer les probl\u00e8mes ou les erreurs que leurs utilisateurs peuvent rencontrer, et \u00e0 prendre de meilleures d\u00e9cisions strat\u00e9giques pour am\u00e9liorer l&rsquo;exp\u00e9rience globale de leur public sur le site web. Ces cookies peuvent \u00eatre install\u00e9s par le site web que vous visitez ou par des services tiers. Ils ne collectent pas d&rsquo;informations personnelles vous concernant.Nous utilisons des cookies de performance sur notre site.<\/li>\n<\/ul>\n<ul>\n<li>Cookies de ciblage\/publicit\u00e9<br \/>\nLes cookies de ciblage\/publicit\u00e9 aident \u00e0 d\u00e9terminer le contenu promotionnel le plus pertinent en fonction de vos int\u00e9r\u00eats. Les sites web peuvent les utiliser pour diffuser des publicit\u00e9s cibl\u00e9es ou limiter le nombre de fois que vous voyez une publicit\u00e9. Cela permet aux entreprises d&rsquo;am\u00e9liorer l&rsquo;efficacit\u00e9 de leurs campagnes et la qualit\u00e9 du contenu qui vous est pr\u00e9sent\u00e9. Ces cookies peuvent \u00eatre install\u00e9s par le site web que vous visitez ou par des services tiers. Les cookies de ciblage\/publicit\u00e9 mis en place par des tiers peuvent \u00eatre utilis\u00e9s pour vous suivre sur d&rsquo;autres sites web qui utilisent le m\u00eame service tiers.<\/li>\n<\/ul>\n<p>Nous pouvons participer \u00e0 diff\u00e9rentes plateformes marketing tierces telles que Google Ads, LinkedIn Ads, et d&rsquo;autres plateformes similaires, et si vous interagissez avec nos publicit\u00e9s sur ces plateformes, celles-ci peuvent installer leur cookie (tiers), et nous ne sommes pas en mesure de le contr\u00f4ler.<\/p>\n<p>Nous utilisons des cookies de ciblage\/publicit\u00e9 sur notre site.<\/p>\n<p>Pour en savoir plus sur la confidentialit\u00e9 des donn\u00e9es en relation avec les cookies, veuillez lire notre <a href=\"https:\/\/sago.com\/fr\/legal\/privacy\/\">politique de confidentialit\u00e9<\/a>.\u200b<\/p>\n","protected":false},"excerpt":{"rendered":"<p>1.1. Objectif Cette politique en mati\u00e8re de cookies s\u2019adresse \u00e0 tous les utilisateurs de Sago &#8211; internes et externes. 1.2. Politique Nous utilisons des cookies pour am\u00e9liorer votre exp\u00e9rience sur notre site web sago.com. Cette politique en mati\u00e8re de cookies fait partie de la politique de confidentialit\u00e9 de Sago. Elle couvre l&rsquo;utilisation des cookies entre [&hellip;]<\/p>\n","protected":false},"author":6,"featured_media":51329,"parent":8237,"menu_order":0,"comment_status":"closed","ping_status":"closed","template":"simple-text-page.php","meta":{"_acf_changed":false,"content-type":"","footnotes":""},"categories":[],"tags":[],"city":[],"class_list":["post-9004111222019410","page","type-page","status-publish","has-post-thumbnail","hentry"],"acf":[],"yoast_head":"<!-- This site is optimized with the Yoast SEO Premium plugin v19.7 (Yoast SEO v27.5) - https:\/\/yoast.com\/product\/yoast-seo-premium-wordpress\/ -->\n<title>Cookie Politique | Sago<\/title>\n<meta name=\"robots\" content=\"index, follow, max-snippet:-1, max-image-preview:large, max-video-preview:-1\" \/>\n<link rel=\"canonical\" href=\"https:\/\/sago.com\/fr\/legal\/cookie-politique\/\" \/>\n<meta property=\"og:locale\" content=\"fr_FR\" \/>\n<meta property=\"og:type\" content=\"article\" \/>\n<meta property=\"og:title\" content=\"Cookie Politique\" \/>\n<meta property=\"og:description\" content=\"1.1. Objectif Cette politique en mati\u00e8re de cookies s\u2019adresse \u00e0 tous les utilisateurs de Sago &#8211; internes et externes. 1.2. Politique Nous utilisons des cookies pour am\u00e9liorer votre exp\u00e9rience sur notre site web sago.com. Cette politique en mati\u00e8re de cookies fait partie de la politique de confidentialit\u00e9 de Sago. Elle couvre l&rsquo;utilisation des cookies entre [&hellip;]\" \/>\n<meta property=\"og:url\" content=\"https:\/\/sago.com\/fr\/legal\/cookie-politique\/\" \/>\n<meta property=\"og:site_name\" content=\"Sago\" \/>\n<meta property=\"article:publisher\" content=\"https:\/\/www.facebook.com\/sagomrx\" \/>\n<meta property=\"article:modified_time\" content=\"2023-05-19T12:46:32+00:00\" \/>\n<meta property=\"og:image\" content=\"https:\/\/sago.com\/wp-content\/uploads\/2023\/02\/Sago-Standard-Logo.jpg\" \/>\n\t<meta property=\"og:image:width\" content=\"200\" \/>\n\t<meta property=\"og:image:height\" content=\"200\" \/>\n\t<meta property=\"og:image:type\" content=\"image\/jpeg\" \/>\n<meta name=\"twitter:card\" content=\"summary_large_image\" \/>\n<meta name=\"twitter:site\" content=\"@sagomrx\" \/>\n<meta name=\"twitter:label1\" content=\"Dur\u00e9e de lecture estim\u00e9e\" \/>\n\t<meta name=\"twitter:data1\" content=\"4 minutes\" \/>\n<script type=\"application\/ld+json\" class=\"yoast-schema-graph\">{\"@context\":\"https:\\\/\\\/schema.org\",\"@graph\":[{\"@type\":\"WebPage\",\"@id\":\"https:\\\/\\\/sago.com\\\/fr\\\/legal\\\/cookie-politique\\\/\",\"url\":\"https:\\\/\\\/sago.com\\\/fr\\\/legal\\\/cookie-politique\\\/\",\"name\":\"Cookie Politique | Sago\",\"isPartOf\":{\"@id\":\"https:\\\/\\\/sago.com\\\/fr\\\/#website\"},\"primaryImageOfPage\":{\"@id\":\"https:\\\/\\\/sago.com\\\/fr\\\/legal\\\/cookie-politique\\\/#primaryimage\"},\"image\":{\"@id\":\"https:\\\/\\\/sago.com\\\/fr\\\/legal\\\/cookie-politique\\\/#primaryimage\"},\"thumbnailUrl\":\"https:\\\/\\\/sago.com\\\/wp-content\\\/uploads\\\/2023\\\/02\\\/Sago-Standard-Logo.jpg\",\"datePublished\":\"2023-05-17T18:18:48+00:00\",\"dateModified\":\"2023-05-19T12:46:32+00:00\",\"breadcrumb\":{\"@id\":\"https:\\\/\\\/sago.com\\\/fr\\\/legal\\\/cookie-politique\\\/#breadcrumb\"},\"inLanguage\":\"fr-FR\",\"potentialAction\":[{\"@type\":\"ReadAction\",\"target\":[\"https:\\\/\\\/sago.com\\\/fr\\\/legal\\\/cookie-politique\\\/\"]}]},{\"@type\":\"ImageObject\",\"inLanguage\":\"fr-FR\",\"@id\":\"https:\\\/\\\/sago.com\\\/fr\\\/legal\\\/cookie-politique\\\/#primaryimage\",\"url\":\"https:\\\/\\\/sago.com\\\/wp-content\\\/uploads\\\/2023\\\/02\\\/Sago-Standard-Logo.jpg\",\"contentUrl\":\"https:\\\/\\\/sago.com\\\/wp-content\\\/uploads\\\/2023\\\/02\\\/Sago-Standard-Logo.jpg\",\"width\":200,\"height\":200,\"caption\":\"logo\"},{\"@type\":\"BreadcrumbList\",\"@id\":\"https:\\\/\\\/sago.com\\\/fr\\\/legal\\\/cookie-politique\\\/#breadcrumb\",\"itemListElement\":[{\"@type\":\"ListItem\",\"position\":1,\"name\":\"Home\",\"item\":\"https:\\\/\\\/sago.com\\\/fr\\\/\"},{\"@type\":\"ListItem\",\"position\":2,\"name\":\"Legal\",\"item\":\"https:\\\/\\\/sago.com\\\/fr\\\/legal\\\/\"},{\"@type\":\"ListItem\",\"position\":3,\"name\":\"Cookie Politique\"}]},{\"@type\":\"WebSite\",\"@id\":\"https:\\\/\\\/sago.com\\\/fr\\\/#website\",\"url\":\"https:\\\/\\\/sago.com\\\/fr\\\/\",\"name\":\"Sago\",\"description\":\"Adaptable Solutions. Confident Decisions.\",\"publisher\":{\"@id\":\"https:\\\/\\\/sago.com\\\/fr\\\/#organization\"},\"potentialAction\":[{\"@type\":\"SearchAction\",\"target\":{\"@type\":\"EntryPoint\",\"urlTemplate\":\"https:\\\/\\\/sago.com\\\/fr\\\/?s={search_term_string}\"},\"query-input\":{\"@type\":\"PropertyValueSpecification\",\"valueRequired\":true,\"valueName\":\"search_term_string\"}}],\"inLanguage\":\"fr-FR\"},{\"@type\":\"Organization\",\"@id\":\"https:\\\/\\\/sago.com\\\/fr\\\/#organization\",\"name\":\"Sago\",\"url\":\"https:\\\/\\\/sago.com\\\/fr\\\/\",\"logo\":{\"@type\":\"ImageObject\",\"inLanguage\":\"fr-FR\",\"@id\":\"https:\\\/\\\/sago.com\\\/fr\\\/#\\\/schema\\\/logo\\\/image\\\/\",\"url\":\"https:\\\/\\\/3c98cd88ae.nxcli.io\\\/wp-content\\\/uploads\\\/2023\\\/02\\\/Sago-Standard-Logo.jpg\",\"contentUrl\":\"https:\\\/\\\/3c98cd88ae.nxcli.io\\\/wp-content\\\/uploads\\\/2023\\\/02\\\/Sago-Standard-Logo.jpg\",\"width\":200,\"height\":200,\"caption\":\"Sago\"},\"image\":{\"@id\":\"https:\\\/\\\/sago.com\\\/fr\\\/#\\\/schema\\\/logo\\\/image\\\/\"},\"sameAs\":[\"https:\\\/\\\/www.facebook.com\\\/sagomrx\",\"https:\\\/\\\/x.com\\\/sagomrx\",\"https:\\\/\\\/www.instagram.com\\\/sagomrx\\\/\",\"https:\\\/\\\/www.youtube.com\\\/@sago-mrx\",\"https:\\\/\\\/www.linkedin.com\\\/company\\\/sago-mrx\\\/\",\"https:\\\/\\\/vimeo.com\\\/sagomrx\"]}]}<\/script>\n<!-- \/ Yoast SEO Premium plugin. -->","yoast_head_json":{"title":"Cookie Politique | Sago","robots":{"index":"index","follow":"follow","max-snippet":"max-snippet:-1","max-image-preview":"max-image-preview:large","max-video-preview":"max-video-preview:-1"},"canonical":"https:\/\/sago.com\/fr\/legal\/cookie-politique\/","og_locale":"fr_FR","og_type":"article","og_title":"Cookie Politique","og_description":"1.1. Objectif Cette politique en mati\u00e8re de cookies s\u2019adresse \u00e0 tous les utilisateurs de Sago &#8211; internes et externes. 1.2. Politique Nous utilisons des cookies pour am\u00e9liorer votre exp\u00e9rience sur notre site web sago.com. Cette politique en mati\u00e8re de cookies fait partie de la politique de confidentialit\u00e9 de Sago. Elle couvre l&rsquo;utilisation des cookies entre [&hellip;]","og_url":"https:\/\/sago.com\/fr\/legal\/cookie-politique\/","og_site_name":"Sago","article_publisher":"https:\/\/www.facebook.com\/sagomrx","article_modified_time":"2023-05-19T12:46:32+00:00","og_image":[{"width":200,"height":200,"url":"https:\/\/sago.com\/wp-content\/uploads\/2023\/02\/Sago-Standard-Logo.jpg","type":"image\/jpeg"}],"twitter_card":"summary_large_image","twitter_site":"@sagomrx","twitter_misc":{"Dur\u00e9e de lecture estim\u00e9e":"4 minutes"},"schema":{"@context":"https:\/\/schema.org","@graph":[{"@type":"WebPage","@id":"https:\/\/sago.com\/fr\/legal\/cookie-politique\/","url":"https:\/\/sago.com\/fr\/legal\/cookie-politique\/","name":"Cookie Politique | Sago","isPartOf":{"@id":"https:\/\/sago.com\/fr\/#website"},"primaryImageOfPage":{"@id":"https:\/\/sago.com\/fr\/legal\/cookie-politique\/#primaryimage"},"image":{"@id":"https:\/\/sago.com\/fr\/legal\/cookie-politique\/#primaryimage"},"thumbnailUrl":"https:\/\/sago.com\/wp-content\/uploads\/2023\/02\/Sago-Standard-Logo.jpg","datePublished":"2023-05-17T18:18:48+00:00","dateModified":"2023-05-19T12:46:32+00:00","breadcrumb":{"@id":"https:\/\/sago.com\/fr\/legal\/cookie-politique\/#breadcrumb"},"inLanguage":"fr-FR","potentialAction":[{"@type":"ReadAction","target":["https:\/\/sago.com\/fr\/legal\/cookie-politique\/"]}]},{"@type":"ImageObject","inLanguage":"fr-FR","@id":"https:\/\/sago.com\/fr\/legal\/cookie-politique\/#primaryimage","url":"https:\/\/sago.com\/wp-content\/uploads\/2023\/02\/Sago-Standard-Logo.jpg","contentUrl":"https:\/\/sago.com\/wp-content\/uploads\/2023\/02\/Sago-Standard-Logo.jpg","width":200,"height":200,"caption":"logo"},{"@type":"BreadcrumbList","@id":"https:\/\/sago.com\/fr\/legal\/cookie-politique\/#breadcrumb","itemListElement":[{"@type":"ListItem","position":1,"name":"Home","item":"https:\/\/sago.com\/fr\/"},{"@type":"ListItem","position":2,"name":"Legal","item":"https:\/\/sago.com\/fr\/legal\/"},{"@type":"ListItem","position":3,"name":"Cookie Politique"}]},{"@type":"WebSite","@id":"https:\/\/sago.com\/fr\/#website","url":"https:\/\/sago.com\/fr\/","name":"Sago","description":"Adaptable Solutions. Confident Decisions.","publisher":{"@id":"https:\/\/sago.com\/fr\/#organization"},"potentialAction":[{"@type":"SearchAction","target":{"@type":"EntryPoint","urlTemplate":"https:\/\/sago.com\/fr\/?s={search_term_string}"},"query-input":{"@type":"PropertyValueSpecification","valueRequired":true,"valueName":"search_term_string"}}],"inLanguage":"fr-FR"},{"@type":"Organization","@id":"https:\/\/sago.com\/fr\/#organization","name":"Sago","url":"https:\/\/sago.com\/fr\/","logo":{"@type":"ImageObject","inLanguage":"fr-FR","@id":"https:\/\/sago.com\/fr\/#\/schema\/logo\/image\/","url":"https:\/\/3c98cd88ae.nxcli.io\/wp-content\/uploads\/2023\/02\/Sago-Standard-Logo.jpg","contentUrl":"https:\/\/3c98cd88ae.nxcli.io\/wp-content\/uploads\/2023\/02\/Sago-Standard-Logo.jpg","width":200,"height":200,"caption":"Sago"},"image":{"@id":"https:\/\/sago.com\/fr\/#\/schema\/logo\/image\/"},"sameAs":["https:\/\/www.facebook.com\/sagomrx","https:\/\/x.com\/sagomrx","https:\/\/www.instagram.com\/sagomrx\/","https:\/\/www.youtube.com\/@sago-mrx","https:\/\/www.linkedin.com\/company\/sago-mrx\/","https:\/\/vimeo.com\/sagomrx"]}]}},"_links":{"self":[{"href":"https:\/\/sago.com\/fr\/wp-json\/wp\/v2\/pages\/9004111222019410","targetHints":{"allow":["GET"]}}],"collection":[{"href":"https:\/\/sago.com\/fr\/wp-json\/wp\/v2\/pages"}],"about":[{"href":"https:\/\/sago.com\/fr\/wp-json\/wp\/v2\/types\/page"}],"author":[{"embeddable":true,"href":"https:\/\/sago.com\/fr\/wp-json\/wp\/v2\/users\/6"}],"replies":[{"embeddable":true,"href":"https:\/\/sago.com\/fr\/wp-json\/wp\/v2\/comments?post=9004111222019410"}],"version-history":[{"count":0,"href":"https:\/\/sago.com\/fr\/wp-json\/wp\/v2\/pages\/9004111222019410\/revisions"}],"up":[{"embeddable":true,"href":"https:\/\/sago.com\/fr\/wp-json\/wp\/v2\/pages\/8237"}],"wp:featuredmedia":[{"embeddable":true,"href":"https:\/\/sago.com\/fr\/wp-json\/wp\/v2\/media\/51329"}],"wp:attachment":[{"href":"https:\/\/sago.com\/fr\/wp-json\/wp\/v2\/media?parent=9004111222019410"}],"wp:term":[{"taxonomy":"category","embeddable":true,"href":"https:\/\/sago.com\/fr\/wp-json\/wp\/v2\/categories?post=9004111222019410"},{"taxonomy":"post_tag","embeddable":true,"href":"https:\/\/sago.com\/fr\/wp-json\/wp\/v2\/tags?post=9004111222019410"},{"taxonomy":"city","embeddable":true,"href":"https:\/\/sago.com\/fr\/wp-json\/wp\/v2\/city?post=9004111222019410"}],"curies":[{"name":"wp","href":"https:\/\/api.w.org\/{rel}","templated":true}]}}