{"id":7153,"date":"2017-01-26T16:05:45","date_gmt":"2017-01-26T16:05:45","guid":{"rendered":"https:\/\/1aa340fc3d.nxcli.io\/\/stagingqualitative\/"},"modified":"2023-02-26T19:24:36","modified_gmt":"2023-02-27T00:24:36","slug":"qualitative","status":"publish","type":"page","link":"https:\/\/sago.com\/fr\/solutions\/qualitative\/","title":{"rendered":"Qualitative"},"content":{"rendered":"<div class=\"wpb-content-wrapper\"><p>[vc_row section_skin=\u00a0\u00bbquaternary\u00a0\u00bb animation_type=\u00a0\u00bbfadeInUp\u00a0\u00bb css=\u00a0\u00bb.vc_custom_1676056672014{padding-top: 50px !important;padding-bottom: 50px !important;}\u00a0\u00bb conditional_render=\u00a0\u00bb%5B%7B%22value_role%22%3A%22administrator%22%7D%5D\u00a0\u00bb][vc_column conditional_render=\u00a0\u00bb%5B%7B%22value_role%22%3A%22administrator%22%7D%5D\u00a0\u00bb][vc_row_inner equal_height=\u00a0\u00bbyes\u00a0\u00bb][vc_column_inner width=\u00a0\u00bb1\/3&Prime;][vc_column_text el_class=\u00a0\u00bbsago-green-block\u00a0\u00bb]<\/p>\n<div><img  title=\"\" loading=\"lazy\" decoding=\"async\" class=\"iconsarea alignnone size-full wp-image-53172\" src=\"https:\/\/sago.com\/wp-content\/uploads\/2023\/02\/Recruit.png\"  alt=\"sago\"  width=\"40\" height=\"40\" \/><\/div>\n<h3 class=\"imp-question\">Recrutement intelligent<\/h3>\n<p class=\"imp-para\">Constatez la diff\u00e9rence que font les participants pr\u00eats \u00e0 interagir et \u00e0 s&rsquo;exprimer efficacement. Nous proposons des r\u00e9pondants qui sont \u00e0 l&rsquo;aise avec la technologie et les techniques utilis\u00e9es dans votre projet.<\/p>\n<p>[\/vc_column_text][\/vc_column_inner][vc_column_inner width=\u00a0\u00bb1\/3&Prime;][vc_column_text el_class=\u00a0\u00bbsago-green-block\u00a0\u00bb]<\/p>\n<div><img  title=\"\" loading=\"lazy\" decoding=\"async\" class=\"iconsarea alignnone wp-image-53187 size-full\" src=\"https:\/\/sago.com\/wp-content\/uploads\/2023\/02\/service-excellence.png\"  alt=\"sago\"  width=\"40\" height=\"40\" \/><\/div>\n<h3 class=\"imp-question\">Excellence du service<\/h3>\n<p class=\"imp-para\">Travaillez avec des personnes passionn\u00e9es qui comprennent les besoins et tensions uniques de vos \u00e9tudes de march\u00e9. Notre \u00e9quipe est d\u00e9vou\u00e9e \u00e0 la r\u00e9ussite de votre projet et veillera \u00e0 ce que vous atteigniez vos objectifs en mati\u00e8re de r\u00e9sultats.<\/p>\n<p>[\/vc_column_text][\/vc_column_inner][vc_column_inner width=\u00a0\u00bb1\/3&Prime;][vc_column_text el_class=\u00a0\u00bbsago-green-block\u00a0\u00bb]<\/p>\n<div><img  title=\"\" loading=\"lazy\" decoding=\"async\" class=\"iconsarea alignnone wp-image-53247 size-full\" src=\"https:\/\/sago.com\/wp-content\/uploads\/2023\/02\/data-quality-secuirty.png\"  alt=\"sago\"  width=\"40\" height=\"40\" \/><\/div>\n<h3 class=\"imp-question\">Qualit\u00e9 et s\u00e9curit\u00e9 des donn\u00e9es<\/h3>\n<p class=\"imp-para\">Soyez tranquille, vos donn\u00e9es sont notre priorit\u00e9 absolue. Notre syst\u00e8me de contr\u00f4le interne a \u00e9t\u00e9 d\u00e9velopp\u00e9 pour assurer la plus haute s\u00e9curit\u00e9 des donn\u00e9es des clients et des participants \u00e0 toutes les \u00e9tapes de votre \u00e9tude et de notre partenariat continu.<\/p>\n<p>[\/vc_column_text][\/vc_column_inner][\/vc_row_inner][\/vc_column][\/vc_row][vc_row full_width=\u00a0\u00bbstretch_row\u00a0\u00bb css=\u00a0\u00bb.vc_custom_1675964009465{padding-top: 50px !important;padding-bottom: 50px !important;background-color: #f2f2f2 !important;}\u00a0\u00bb animation_type=\u00a0\u00bbfadeIn\u00a0\u00bb conditional_render=\u00a0\u00bb%5B%7B%22value_role%22%3A%22administrator%22%7D%5D\u00a0\u00bb][vc_column][vc_column_text]<\/p>\n<h2>Explorez notre portefeuille complet de services qualitatifs, y compris les m\u00e9thodologies classiques, en ligne et ax\u00e9es sur l\u2019aspect \u00e9motionnel.<\/h2>\n<p>[\/vc_column_text][vc_row_inner gap=\u00a0\u00bb35&Prime; animation_in_type=\u00a0\u00bbtransition.fadeIn\u00a0\u00bb animation_in_offset=\u00a0\u00bb80&Prime; animation_in_duration=\u00a0\u00bb300&Prime; animation_in_delay=\u00a0\u00bb0&Prime; css=\u00a0\u00bb.vc_custom_1675964016243{padding-top: 25px !important;}\u00a0\u00bb][vc_column_inner width=\u00a0\u00bb1\/4&Prime;][vc_single_image image=\u00a0\u00bb51935&Prime; img_size=\u00a0\u00bbfull\u00a0\u00bb el_class=\u00a0\u00bbsagoimage\u00a0\u00bb label=\u00a0\u00bb\u00a0\u00bb][vc_column_text]<\/p>\n<h3>Etudes qualitatives num\u00e9riques<\/h3>\n<p>Recueillez des informations solides rapidement et facilement gr\u00e2ce aux m\u00e9thodologies qualitatives num\u00e9riques de Sago. Notre gamme compl\u00e8te de solutions est h\u00e9berg\u00e9e sur nos plateformes ResTech de pointe, ainsi que par un soutien exceptionnel en mati\u00e8re de recrutement et de gestion de projet.[\/vc_column_text][\/vc_column_inner][vc_column_inner width=\u00a0\u00bb1\/4&Prime;][vc_single_image image=\u00a0\u00bb51931&Prime; img_size=\u00a0\u00bbfull\u00a0\u00bb el_class=\u00a0\u00bbsagoimage\u00a0\u00bb label=\u00a0\u00bb\u00a0\u00bb][vc_column_text]<\/p>\n<h3>\u200bM\u00e9thodologies en personne<\/h3>\n<p>Restez proche de votre public cible et observez-le en temps r\u00e9el gr\u00e2ce \u00e0 l&rsquo;\u00e9ventail de m\u00e9thodologies qualitatives en personne de Sago. Impliquez davantage vos clients actuels et futurs sur les domaines d&rsquo;int\u00e9r\u00eat \u00e0 l\u2019aide de m\u00e9thodologies telles que les groupes de discussion ou les ethnographies.<\/p>\n<p>[\/vc_column_text][\/vc_column_inner][vc_column_inner width=\u00a0\u00bb1\/4&Prime;][vc_single_image image=\u00a0\u00bb5639&Prime; img_size=\u00a0\u00bbfull\u00a0\u00bb el_class=\u00a0\u00bbsagoimage\u00a0\u00bb label=\u00a0\u00bb\u00a0\u00bb][vc_column_text]<\/p>\n<h3>Entretiens t\u00e9l\u00e9phoniques<\/h3>\n<p>Profitez d&rsquo;une solution rapide et rentable pour atteindre des r\u00e9pondants de diff\u00e9rentes r\u00e9gions g\u00e9ographiques gr\u00e2ce aux entretiens t\u00e9l\u00e9phoniques de Sago. Nous aidons les enqu\u00eateurs \u00e0 obtenir des informations ou des conseils approfondis aupr\u00e8s d&rsquo;un large \u00e9ventail de publics cibles.[\/vc_column_text][\/vc_column_inner][vc_column_inner width=\u00a0\u00bb1\/4&Prime;][vc_single_image image=\u00a0\u00bb2172&Prime; img_size=\u00a0\u00bbfull\u00a0\u00bb el_class=\u00a0\u00bbsagoimage\u00a0\u00bb label=\u00a0\u00bb\u00a0\u00bb][vc_column_text]<\/p>\n<h3>Laboratoires de recherche<\/h3>\n<p>Obtenez des informations plus approfondies et une visualisation des donn\u00e9es convaincante gr\u00e2ce aux laboratoires de recherche de pointe. IVP Research Labs, une entreprise de Sago, propose un choix de technologies d&rsquo;\u00e9tude quantitative uniques et innovantes pour une meilleure compr\u00e9hension des \u00e9motions.<\/p>\n<p>[\/vc_column_text][\/vc_column_inner][\/vc_row_inner][\/vc_column][\/vc_row][vc_row full_width=\u00a0\u00bbstretch_row\u00a0\u00bb gap=\u00a0\u00bb35&Prime; is_section=\u00a0\u00bbyes\u00a0\u00bb section_skin=\u00a0\u00bbsecondary\u00a0\u00bb remove_margin_top=\u00a0\u00bbyes\u00a0\u00bb remove_margin_bottom=\u00a0\u00bbyes\u00a0\u00bb remove_padding_top=\u00a0\u00bbyes\u00a0\u00bb remove_padding_bottom=\u00a0\u00bbyes\u00a0\u00bb remove_border=\u00a0\u00bbyes\u00a0\u00bb css=\u00a0\u00bb.vc_custom_1675964060954{padding-top: 50px !important;padding-bottom: 50px !important;}\u00a0\u00bb conditional_render=\u00a0\u00bb%5B%7B%22value_role%22%3A%22administrator%22%7D%5D\u00a0\u00bb][vc_column][vc_column_text el_class=\u00a0\u00bbwhite-text\u00a0\u00bb]<\/p>\n<h2>Lorsque vos besoins d\u2019\u00e9tudes vont au-del\u00e0 des m\u00e9thodologies strictement qualitatives, Sago peut vous aider.<\/h2>\n<p>[\/vc_column_text][vc_row_inner gap=\u00a0\u00bb35&Prime; animation_type=\u00a0\u00bbfadeIn\u00a0\u00bb css=\u00a0\u00bb.vc_custom_1675964056570{padding-top: 25px !important;}\u00a0\u00bb][vc_column_inner width=\u00a0\u00bb1\/2&Prime;][vc_single_image image=\u00a0\u00bb46749&Prime; img_size=\u00a0\u00bbfull\u00a0\u00bb el_class=\u00a0\u00bbsagoimage\u00a0\u00bb][vc_column_text el_class=\u00a0\u00bbwhite-text\u00a0\u00bb]<\/p>\n<h3>Etudes hybrides<\/h3>\n<p>Sago est id\u00e9alement plac\u00e9 pour associer ais\u00e9ment les m\u00e9thodologies qualitatives traditionnelles \u00e0 une gamme de solutions qualitatives ou quantitatives en ligne. Int\u00e9grez les m\u00e9thodologies d\u2019\u00e9tude de mani\u00e8re cr\u00e9ative pour maximiser l\u2019implication des participants et atteindre l\u2019int\u00e9gralit\u00e9 de votre objectif.[\/vc_column_text][\/vc_column_inner][vc_column_inner width=\u00a0\u00bb1\/2&Prime; css=\u00a0\u00bb.vc_custom_1488318052004{padding-right: 20px !important;padding-left: 20px !important;}\u00a0\u00bb][vc_single_image image=\u00a0\u00bb26942&Prime; img_size=\u00a0\u00bbfull\u00a0\u00bb el_class=\u00a0\u00bbsagoimage\u00a0\u00bb][vc_column_text el_class=\u00a0\u00bbwhite-text\u00a0\u00bb]<\/p>\n<h3>Test de produits<\/h3>\n<p>L&rsquo;optimisation d\u2019un produit est essentielle \u00e0 sa r\u00e9ussite sur le march\u00e9. Sago propose plusieurs m\u00e9thodologies pour les tests de produits et de prototypes, depuis les \u00e9valuations dans nos locaux jusqu&rsquo;aux tests \u00e0 domicile ou sur site, en utilisant des approches qualitatives, quantitatives ou hybrides pour mieux r\u00e9pondre \u00e0 votre produit et vos objectifs de test.[\/vc_column_text][\/vc_column_inner][\/vc_row_inner][\/vc_column][\/vc_row][vc_row full_width=\u00a0\u00bbstretch_row_content\u00a0\u00bb css=\u00a0\u00bb.vc_custom_1641140800665{padding-top: 50px !important;padding-bottom: 50px !important;}\u00a0\u00bb][vc_column]<div class=\"porto-block\" data-id=\"56402\"><style>.vc_custom_1676485761953{padding-top: 50px !important;padding-bottom: 50px !important;}.vc_custom_1676239417174{padding-right: 0px !important;padding-left: 0px !important;}.vc_custom_1676239407838{padding-right: 0px !important;}.vc_custom_1675969268171{padding-right: 0px !important;padding-left: 0px !important;}.vc_custom_1675969278597{padding-right: 0px !important;padding-left: 0px !important;}.vc_custom_1676239706215{padding-right: 0px !important;}<\/style>[vc_row full_width=\"stretch_row_content_no_spaces\" equal_height=\"yes\" conditional_render=\"%5B%7B%22value_role%22%3A%22administrator%22%7D%5D\" css=\".vc_custom_1676485761953{padding-top: 50px !important;padding-bottom: 50px !important;}\"][vc_column css=\".vc_custom_1676239417174{padding-right: 0px !important;padding-left: 0px !important;}\" conditional_render=\"%5B%7B%22value_role%22%3A%22administrator%22%7D%5D\"][vc_row_inner equal_height=\"yes\" content_placement=\"middle\" css=\".vc_custom_1676239407838{padding-right: 0px !important;}\"][vc_column_inner width=\"1\/4\" offset=\"vc_col-xs-1\/5\" css=\".vc_custom_1675969268171{padding-right: 0px !important;padding-left: 0px !important;}\"][vc_single_image image=\"51222\" img_size=\"full\"][\/vc_column_inner][vc_column_inner width=\"1\/2\" offset=\"vc_col-xs-3\/5\"][vc_column_text]<\/p>\r\n<h2 style=\"text-align: center;\">Vous cherchez des r\u00e9ponses aux questions de votre entreprise ? Tout simplement Sago.<\/h2>\r\n<p>[\/vc_column_text][vc_btn title=\"Contactez-nous\" align=\"center\" el_class=\"getintouch\" link=\"url:https%3A%2F%2Fsago.com%2Ffr%2Fget-in-touch%2F|title:Get%20in%20touch\"][\/vc_column_inner][vc_column_inner width=\"1\/4\" offset=\"vc_col-xs-1\/5\" css=\".vc_custom_1675969278597{padding-right: 0px !important;padding-left: 0px !important;}\"][vc_single_image image=\"51226\" img_size=\"full\" alignment=\"right\" css=\".vc_custom_1676239706215{padding-right: 0px !important;}\"][\/vc_column_inner][\/vc_row_inner][\/vc_column][\/vc_row]<\/div>[\/vc_column][\/vc_row]<\/p>\n<\/div>","protected":false},"excerpt":{"rendered":"<p>[vc_row section_skin=\u00a0\u00bbquaternary\u00a0\u00bb animation_type=\u00a0\u00bbfadeInUp\u00a0\u00bb css=\u00a0\u00bb.vc_custom_1676056672014{padding-top: 50px !important;padding-bottom: 50px !important;}\u00a0\u00bb conditional_render=\u00a0\u00bb%5B%7B%22value_role%22%3A%22administrator%22%7D%5D\u00a0\u00bb][vc_column conditional_render=\u00a0\u00bb%5B%7B%22value_role%22%3A%22administrator%22%7D%5D\u00a0\u00bb][vc_row_inner equal_height=\u00a0\u00bbyes\u00a0\u00bb][vc_column_inner width=\u00a0\u00bb1\/3&Prime;][vc_column_text el_class=\u00a0\u00bbsago-green-block\u00a0\u00bb] Recrutement intelligent Constatez la diff\u00e9rence que font les participants pr\u00eats \u00e0 interagir et \u00e0 s&rsquo;exprimer efficacement. Nous proposons des r\u00e9pondants qui sont \u00e0 l&rsquo;aise avec la technologie et les techniques utilis\u00e9es dans votre projet. [\/vc_column_text][\/vc_column_inner][vc_column_inner width=\u00a0\u00bb1\/3&Prime;][vc_column_text el_class=\u00a0\u00bbsago-green-block\u00a0\u00bb] Excellence du service Travaillez avec [&hellip;]<\/p>\n","protected":false},"author":6,"featured_media":56820,"parent":7203,"menu_order":2,"comment_status":"closed","ping_status":"closed","template":"solutions-page.php","meta":{"_acf_changed":false,"content-type":"","footnotes":""},"categories":[],"tags":[],"city":[],"class_list":["post-7153","page","type-page","status-publish","has-post-thumbnail","hentry"],"acf":[],"yoast_head":"<!-- This site is optimized with the Yoast SEO Premium plugin v19.7 (Yoast SEO v27.3) - https:\/\/yoast.com\/product\/yoast-seo-premium-wordpress\/ -->\n<title>Qualitative Solutions | In-Person, Online &amp; In-Field | Sago<\/title>\n<meta name=\"description\" content=\"From the qualitative classics to online and more emotional measures, single or hybrid methods, explore our comprehensive portfolio of qualitative solutions.\" \/>\n<meta name=\"robots\" content=\"index, follow, max-snippet:-1, max-image-preview:large, max-video-preview:-1\" \/>\n<link rel=\"canonical\" href=\"https:\/\/sago.com\/fr\/solutions\/qualitative\/\" \/>\n<meta property=\"og:locale\" content=\"fr_FR\" \/>\n<meta property=\"og:type\" content=\"article\" \/>\n<meta property=\"og:title\" content=\"Qualitative\" \/>\n<meta property=\"og:description\" content=\"From the qualitative classics to online and more emotional measures, single or hybrid methods, explore our comprehensive portfolio of qualitative solutions.\" \/>\n<meta property=\"og:url\" content=\"https:\/\/sago.com\/fr\/solutions\/qualitative\/\" \/>\n<meta property=\"og:site_name\" content=\"Sago\" \/>\n<meta property=\"article:publisher\" content=\"https:\/\/www.facebook.com\/sagomrx\" \/>\n<meta property=\"article:modified_time\" content=\"2023-02-27T00:24:36+00:00\" \/>\n<meta property=\"og:image\" content=\"https:\/\/sago.com\/wp-content\/uploads\/2023\/02\/qualitative-e1677579631783.jpg\" \/>\n\t<meta property=\"og:image:width\" content=\"1000\" \/>\n\t<meta property=\"og:image:height\" content=\"667\" \/>\n\t<meta property=\"og:image:type\" content=\"image\/jpeg\" \/>\n<meta name=\"twitter:card\" content=\"summary_large_image\" \/>\n<meta name=\"twitter:site\" content=\"@sagomrx\" \/>\n<meta name=\"twitter:label1\" content=\"Dur\u00e9e de lecture estim\u00e9e\" \/>\n\t<meta name=\"twitter:data1\" content=\"3 minutes\" \/>\n<script type=\"application\/ld+json\" class=\"yoast-schema-graph\">{\"@context\":\"https:\\\/\\\/schema.org\",\"@graph\":[{\"@type\":\"WebPage\",\"@id\":\"https:\\\/\\\/sago.com\\\/fr\\\/solutions\\\/qualitative\\\/\",\"url\":\"https:\\\/\\\/sago.com\\\/fr\\\/solutions\\\/qualitative\\\/\",\"name\":\"Qualitative Solutions | In-Person, Online & In-Field | Sago\",\"isPartOf\":{\"@id\":\"https:\\\/\\\/sago.com\\\/fr\\\/#website\"},\"primaryImageOfPage\":{\"@id\":\"https:\\\/\\\/sago.com\\\/fr\\\/solutions\\\/qualitative\\\/#primaryimage\"},\"image\":{\"@id\":\"https:\\\/\\\/sago.com\\\/fr\\\/solutions\\\/qualitative\\\/#primaryimage\"},\"thumbnailUrl\":\"https:\\\/\\\/sago.com\\\/wp-content\\\/uploads\\\/2023\\\/02\\\/qualitative-e1677579631783.jpg\",\"datePublished\":\"2017-01-26T16:05:45+00:00\",\"dateModified\":\"2023-02-27T00:24:36+00:00\",\"description\":\"From the qualitative classics to online and more emotional measures, single or hybrid methods, explore our comprehensive portfolio of qualitative solutions.\",\"breadcrumb\":{\"@id\":\"https:\\\/\\\/sago.com\\\/fr\\\/solutions\\\/qualitative\\\/#breadcrumb\"},\"inLanguage\":\"fr-FR\",\"potentialAction\":[{\"@type\":\"ReadAction\",\"target\":[\"https:\\\/\\\/sago.com\\\/fr\\\/solutions\\\/qualitative\\\/\"]}]},{\"@type\":\"ImageObject\",\"inLanguage\":\"fr-FR\",\"@id\":\"https:\\\/\\\/sago.com\\\/fr\\\/solutions\\\/qualitative\\\/#primaryimage\",\"url\":\"https:\\\/\\\/sago.com\\\/wp-content\\\/uploads\\\/2023\\\/02\\\/qualitative-e1677579631783.jpg\",\"contentUrl\":\"https:\\\/\\\/sago.com\\\/wp-content\\\/uploads\\\/2023\\\/02\\\/qualitative-e1677579631783.jpg\",\"width\":1000,\"height\":667,\"caption\":\"qualitative\"},{\"@type\":\"BreadcrumbList\",\"@id\":\"https:\\\/\\\/sago.com\\\/fr\\\/solutions\\\/qualitative\\\/#breadcrumb\",\"itemListElement\":[{\"@type\":\"ListItem\",\"position\":1,\"name\":\"Home\",\"item\":\"https:\\\/\\\/sago.com\\\/fr\\\/\"},{\"@type\":\"ListItem\",\"position\":2,\"name\":\"Solutions\",\"item\":\"https:\\\/\\\/sago.com\\\/fr\\\/solutions\\\/\"},{\"@type\":\"ListItem\",\"position\":3,\"name\":\"Qualitative\"}]},{\"@type\":\"WebSite\",\"@id\":\"https:\\\/\\\/sago.com\\\/fr\\\/#website\",\"url\":\"https:\\\/\\\/sago.com\\\/fr\\\/\",\"name\":\"Sago\",\"description\":\"Adaptable Solutions. Confident Decisions.\",\"publisher\":{\"@id\":\"https:\\\/\\\/sago.com\\\/fr\\\/#organization\"},\"potentialAction\":[{\"@type\":\"SearchAction\",\"target\":{\"@type\":\"EntryPoint\",\"urlTemplate\":\"https:\\\/\\\/sago.com\\\/fr\\\/?s={search_term_string}\"},\"query-input\":{\"@type\":\"PropertyValueSpecification\",\"valueRequired\":true,\"valueName\":\"search_term_string\"}}],\"inLanguage\":\"fr-FR\"},{\"@type\":\"Organization\",\"@id\":\"https:\\\/\\\/sago.com\\\/fr\\\/#organization\",\"name\":\"Sago\",\"url\":\"https:\\\/\\\/sago.com\\\/fr\\\/\",\"logo\":{\"@type\":\"ImageObject\",\"inLanguage\":\"fr-FR\",\"@id\":\"https:\\\/\\\/sago.com\\\/fr\\\/#\\\/schema\\\/logo\\\/image\\\/\",\"url\":\"https:\\\/\\\/3c98cd88ae.nxcli.io\\\/wp-content\\\/uploads\\\/2023\\\/02\\\/Sago-Standard-Logo.jpg\",\"contentUrl\":\"https:\\\/\\\/3c98cd88ae.nxcli.io\\\/wp-content\\\/uploads\\\/2023\\\/02\\\/Sago-Standard-Logo.jpg\",\"width\":200,\"height\":200,\"caption\":\"Sago\"},\"image\":{\"@id\":\"https:\\\/\\\/sago.com\\\/fr\\\/#\\\/schema\\\/logo\\\/image\\\/\"},\"sameAs\":[\"https:\\\/\\\/www.facebook.com\\\/sagomrx\",\"https:\\\/\\\/x.com\\\/sagomrx\",\"https:\\\/\\\/www.instagram.com\\\/sagomrx\\\/\",\"https:\\\/\\\/www.youtube.com\\\/@sago-mrx\",\"https:\\\/\\\/www.linkedin.com\\\/company\\\/sago-mrx\\\/\",\"https:\\\/\\\/vimeo.com\\\/sagomrx\"]}]}<\/script>\n<!-- \/ Yoast SEO Premium plugin. -->","yoast_head_json":{"title":"Qualitative Solutions | In-Person, Online & In-Field | Sago","description":"From the qualitative classics to online and more emotional measures, single or hybrid methods, explore our comprehensive portfolio of qualitative solutions.","robots":{"index":"index","follow":"follow","max-snippet":"max-snippet:-1","max-image-preview":"max-image-preview:large","max-video-preview":"max-video-preview:-1"},"canonical":"https:\/\/sago.com\/fr\/solutions\/qualitative\/","og_locale":"fr_FR","og_type":"article","og_title":"Qualitative","og_description":"From the qualitative classics to online and more emotional measures, single or hybrid methods, explore our comprehensive portfolio of qualitative solutions.","og_url":"https:\/\/sago.com\/fr\/solutions\/qualitative\/","og_site_name":"Sago","article_publisher":"https:\/\/www.facebook.com\/sagomrx","article_modified_time":"2023-02-27T00:24:36+00:00","og_image":[{"width":1000,"height":667,"url":"https:\/\/sago.com\/wp-content\/uploads\/2023\/02\/qualitative-e1677579631783.jpg","type":"image\/jpeg"}],"twitter_card":"summary_large_image","twitter_site":"@sagomrx","twitter_misc":{"Dur\u00e9e de lecture estim\u00e9e":"3 minutes"},"schema":{"@context":"https:\/\/schema.org","@graph":[{"@type":"WebPage","@id":"https:\/\/sago.com\/fr\/solutions\/qualitative\/","url":"https:\/\/sago.com\/fr\/solutions\/qualitative\/","name":"Qualitative Solutions | In-Person, Online & In-Field | Sago","isPartOf":{"@id":"https:\/\/sago.com\/fr\/#website"},"primaryImageOfPage":{"@id":"https:\/\/sago.com\/fr\/solutions\/qualitative\/#primaryimage"},"image":{"@id":"https:\/\/sago.com\/fr\/solutions\/qualitative\/#primaryimage"},"thumbnailUrl":"https:\/\/sago.com\/wp-content\/uploads\/2023\/02\/qualitative-e1677579631783.jpg","datePublished":"2017-01-26T16:05:45+00:00","dateModified":"2023-02-27T00:24:36+00:00","description":"From the qualitative classics to online and more emotional measures, single or hybrid methods, explore our comprehensive portfolio of qualitative solutions.","breadcrumb":{"@id":"https:\/\/sago.com\/fr\/solutions\/qualitative\/#breadcrumb"},"inLanguage":"fr-FR","potentialAction":[{"@type":"ReadAction","target":["https:\/\/sago.com\/fr\/solutions\/qualitative\/"]}]},{"@type":"ImageObject","inLanguage":"fr-FR","@id":"https:\/\/sago.com\/fr\/solutions\/qualitative\/#primaryimage","url":"https:\/\/sago.com\/wp-content\/uploads\/2023\/02\/qualitative-e1677579631783.jpg","contentUrl":"https:\/\/sago.com\/wp-content\/uploads\/2023\/02\/qualitative-e1677579631783.jpg","width":1000,"height":667,"caption":"qualitative"},{"@type":"BreadcrumbList","@id":"https:\/\/sago.com\/fr\/solutions\/qualitative\/#breadcrumb","itemListElement":[{"@type":"ListItem","position":1,"name":"Home","item":"https:\/\/sago.com\/fr\/"},{"@type":"ListItem","position":2,"name":"Solutions","item":"https:\/\/sago.com\/fr\/solutions\/"},{"@type":"ListItem","position":3,"name":"Qualitative"}]},{"@type":"WebSite","@id":"https:\/\/sago.com\/fr\/#website","url":"https:\/\/sago.com\/fr\/","name":"Sago","description":"Adaptable Solutions. Confident Decisions.","publisher":{"@id":"https:\/\/sago.com\/fr\/#organization"},"potentialAction":[{"@type":"SearchAction","target":{"@type":"EntryPoint","urlTemplate":"https:\/\/sago.com\/fr\/?s={search_term_string}"},"query-input":{"@type":"PropertyValueSpecification","valueRequired":true,"valueName":"search_term_string"}}],"inLanguage":"fr-FR"},{"@type":"Organization","@id":"https:\/\/sago.com\/fr\/#organization","name":"Sago","url":"https:\/\/sago.com\/fr\/","logo":{"@type":"ImageObject","inLanguage":"fr-FR","@id":"https:\/\/sago.com\/fr\/#\/schema\/logo\/image\/","url":"https:\/\/3c98cd88ae.nxcli.io\/wp-content\/uploads\/2023\/02\/Sago-Standard-Logo.jpg","contentUrl":"https:\/\/3c98cd88ae.nxcli.io\/wp-content\/uploads\/2023\/02\/Sago-Standard-Logo.jpg","width":200,"height":200,"caption":"Sago"},"image":{"@id":"https:\/\/sago.com\/fr\/#\/schema\/logo\/image\/"},"sameAs":["https:\/\/www.facebook.com\/sagomrx","https:\/\/x.com\/sagomrx","https:\/\/www.instagram.com\/sagomrx\/","https:\/\/www.youtube.com\/@sago-mrx","https:\/\/www.linkedin.com\/company\/sago-mrx\/","https:\/\/vimeo.com\/sagomrx"]}]}},"_links":{"self":[{"href":"https:\/\/sago.com\/fr\/wp-json\/wp\/v2\/pages\/7153","targetHints":{"allow":["GET"]}}],"collection":[{"href":"https:\/\/sago.com\/fr\/wp-json\/wp\/v2\/pages"}],"about":[{"href":"https:\/\/sago.com\/fr\/wp-json\/wp\/v2\/types\/page"}],"author":[{"embeddable":true,"href":"https:\/\/sago.com\/fr\/wp-json\/wp\/v2\/users\/6"}],"replies":[{"embeddable":true,"href":"https:\/\/sago.com\/fr\/wp-json\/wp\/v2\/comments?post=7153"}],"version-history":[{"count":0,"href":"https:\/\/sago.com\/fr\/wp-json\/wp\/v2\/pages\/7153\/revisions"}],"up":[{"embeddable":true,"href":"https:\/\/sago.com\/fr\/wp-json\/wp\/v2\/pages\/7203"}],"wp:featuredmedia":[{"embeddable":true,"href":"https:\/\/sago.com\/fr\/wp-json\/wp\/v2\/media\/56820"}],"wp:attachment":[{"href":"https:\/\/sago.com\/fr\/wp-json\/wp\/v2\/media?parent=7153"}],"wp:term":[{"taxonomy":"category","embeddable":true,"href":"https:\/\/sago.com\/fr\/wp-json\/wp\/v2\/categories?post=7153"},{"taxonomy":"post_tag","embeddable":true,"href":"https:\/\/sago.com\/fr\/wp-json\/wp\/v2\/tags?post=7153"},{"taxonomy":"city","embeddable":true,"href":"https:\/\/sago.com\/fr\/wp-json\/wp\/v2\/city?post=7153"}],"curies":[{"name":"wp","href":"https:\/\/api.w.org\/{rel}","templated":true}]}}