{"id":7043,"date":"2016-11-11T19:53:30","date_gmt":"2016-11-11T19:53:30","guid":{"rendered":"https:\/\/1aa340fc3d.nxcli.io\/\/staging?page_id=7043\/"},"modified":"2025-01-02T06:34:17","modified_gmt":"2025-01-02T11:34:17","slug":"nos-agences","status":"publish","type":"page","link":"https:\/\/sago.com\/fr\/nos-agences\/","title":{"rendered":"Nos agences"},"content":{"rendered":"<div class=\"wpb-content-wrapper\"><p>[vc_row][vc_column][vc_column_text][\/vc_column_text][\/vc_column][\/vc_row][vc_row css=\u00a0\u00bb.vc_custom_1575402106023{padding-top: 50px !important;}\u00a0\u00bb el_id=\u00a0\u00bbeurope\u00a0\u00bb][vc_column conditional_render=\u00a0\u00bb%5B%7B%22value_role%22%3A%22administrator%22%7D%5D\u00a0\u00bb][vc_column_text]<\/p>\n<h2>Nos sites en Europe<\/h2>\n<p>[\/vc_column_text][vc_row_inner el_class=\u00a0\u00bblocationh3&Prime;][vc_column_inner width=\u00a0\u00bb1\/4&Prime;][vc_column_text]<img  title=\"\" loading=\"lazy\" decoding=\"async\" class=\"aligncenter wp-image-52709 size-full\" src=\"https:\/\/sago.com\/wp-content\/uploads\/2023\/02\/London.png\"  alt=\"sago\"  width=\"256\" height=\"256\" \/><\/p>\n<h3 style=\"text-align: center;\">Centre de Londres<\/h3>\n<p>[\/vc_column_text][\/vc_column_inner][vc_column_inner width=\u00a0\u00bb1\/4&Prime;][vc_column_text]<img  title=\"\" loading=\"lazy\" decoding=\"async\" class=\"wp-image-52769 size-full aligncenter\" style=\"color: #333333; font-weight: 400;\" src=\"https:\/\/sago.com\/wp-content\/uploads\/2023\/02\/Berlin.png\"  alt=\"sago\"  width=\"256\" height=\"256\" \/><\/p>\n<h3 style=\"text-align: center;\">Berlin<\/h3>\n<p>[\/vc_column_text][\/vc_column_inner][vc_column_inner width=\u00a0\u00bb1\/4&Prime;][vc_column_text]<img  title=\"\" loading=\"lazy\" decoding=\"async\" class=\"wp-image-52781 size-full aligncenter\" src=\"https:\/\/sago.com\/wp-content\/uploads\/2023\/02\/Frankfurt.png\"  alt=\"sago\"  width=\"256\" height=\"256\" \/><\/p>\n<h3 style=\"text-align: center;\">Francfort<\/h3>\n<p>[\/vc_column_text][\/vc_column_inner][vc_column_inner width=\u00a0\u00bb1\/4&Prime;][vc_column_text]<img  title=\"\" loading=\"lazy\" decoding=\"async\" class=\"aligncenter wp-image-52721 size-full\" src=\"https:\/\/sago.com\/wp-content\/uploads\/2023\/02\/Munich.png\"  alt=\"sago\"  width=\"256\" height=\"256\" \/><\/p>\n<h3 style=\"text-align: center;\">Munich<\/h3>\n<p>[\/vc_column_text][\/vc_column_inner][\/vc_row_inner][vc_row_inner el_class=\u00a0\u00bblocationh3&Prime;][vc_column_inner width=\u00a0\u00bb1\/4&Prime;][vc_column_text]<img  title=\"\" loading=\"lazy\" decoding=\"async\" class=\"aligncenter wp-image-52765 size-full\" src=\"https:\/\/sago.com\/wp-content\/uploads\/2023\/02\/Barcelona.png\"  alt=\"sago\"  width=\"256\" height=\"256\" \/><\/p>\n<h3 style=\"text-align: center;\">Barcelone<\/h3>\n<p>[\/vc_column_text][\/vc_column_inner][vc_column_inner width=\u00a0\u00bb1\/4&Prime;][vc_column_text]<\/p>\n<h3 style=\"text-align: center;\"><\/h3>\n<p>[\/vc_column_text][\/vc_column_inner][vc_column_inner width=\u00a0\u00bb1\/4&Prime;][vc_column_text]<\/p>\n<h3 style=\"text-align: center;\"><\/h3>\n<p>[\/vc_column_text][\/vc_column_inner][vc_column_inner width=\u00a0\u00bb1\/4&Prime;][vc_column_text]<\/p>\n<h3 style=\"text-align: center;\"><\/h3>\n<p>[\/vc_column_text][\/vc_column_inner][\/vc_row_inner][\/vc_column][\/vc_row][vc_row][vc_column][vc_column_text][\/vc_column_text][\/vc_column][\/vc_row][vc_row css=\u00a0\u00bb.vc_custom_1676661311581{padding-top: 50px !important;}\u00a0\u00bb el_id=\u00a0\u00bbus\u00a0\u00bb conditional_render=\u00a0\u00bb%5B%7B%22value_role%22%3A%22administrator%22%7D%5D\u00a0\u00bb][vc_column conditional_render=\u00a0\u00bb%5B%7B%22value_role%22%3A%22administrator%22%7D%5D\u00a0\u00bb][vc_column_text]<\/p>\n<h2>Nos sites en Am\u00e9rique du Nord<\/h2>\n<p>[\/vc_column_text][vc_row_inner el_class=\u00a0\u00bblocationh3&Prime;][vc_column_inner width=\u00a0\u00bb1\/4&Prime;][vc_column_text]<img  title=\"\" loading=\"lazy\" decoding=\"async\" class=\"aligncenter wp-image-52757 size-full\" src=\"https:\/\/sago.com\/wp-content\/uploads\/2023\/02\/Atlanta.png\"  alt=\"sago\"  width=\"256\" height=\"256\" \/><\/p>\n<h3 style=\"text-align: center;\">Atlanta<\/h3>\n<p>[\/vc_column_text][\/vc_column_inner][vc_column_inner width=\u00a0\u00bb1\/4&Prime;][vc_column_text]<img  title=\"\" loading=\"lazy\" decoding=\"async\" class=\"aligncenter wp-image-52761 size-full\" src=\"https:\/\/sago.com\/wp-content\/uploads\/2023\/02\/Baltimore.png\"  alt=\"sago\"  width=\"256\" height=\"256\" \/><\/p>\n<h3 style=\"text-align: center;\">Baltimore<\/h3>\n<p>[\/vc_column_text][\/vc_column_inner][vc_column_inner width=\u00a0\u00bb1\/4&Prime;][vc_column_text]<img  title=\"\" loading=\"lazy\" decoding=\"async\" class=\"aligncenter wp-image-52773 size-full\" src=\"https:\/\/sago.com\/wp-content\/uploads\/2023\/02\/Chicago.png\"  alt=\"sago\"  width=\"256\" height=\"256\" \/><\/p>\n<h3 style=\"text-align: center;\">Chicago<\/h3>\n<p>[\/vc_column_text][\/vc_column_inner][vc_column_inner width=\u00a0\u00bb1\/4&Prime;][vc_column_text]<img  title=\"\" loading=\"lazy\" decoding=\"async\" class=\"aligncenter wp-image-52777 size-full\" src=\"https:\/\/sago.com\/wp-content\/uploads\/2023\/02\/Dallas.png\"  alt=\"sago\"  width=\"256\" height=\"256\" \/><\/p>\n<h3 style=\"text-align: center;\">Dallas<\/h3>\n<p>[\/vc_column_text][\/vc_column_inner][\/vc_row_inner][vc_row_inner el_class=\u00a0\u00bblocationh3&Prime;][vc_column_inner width=\u00a0\u00bb1\/4&Prime;][vc_column_text]<img  title=\"\" loading=\"lazy\" decoding=\"async\" class=\"aligncenter wp-image-52705 size-full\" src=\"https:\/\/sago.com\/wp-content\/uploads\/2023\/02\/Houston.png\"  alt=\"sago\"  width=\"256\" height=\"256\" \/><\/p>\n<h3 style=\"text-align: center;\">Houston<\/h3>\n<p>[\/vc_column_text][\/vc_column_inner][vc_column_inner width=\u00a0\u00bb1\/4&Prime;][vc_column_text]<img  title=\"\" loading=\"lazy\" decoding=\"async\" class=\"aligncenter wp-image-52713 size-full\" src=\"https:\/\/sago.com\/wp-content\/uploads\/2023\/02\/los-angeles.png\"  alt=\"sago\"  width=\"256\" height=\"256\" \/><\/p>\n<h3 style=\"text-align: center;\">Los Angeles<\/h3>\n<p>[\/vc_column_text][\/vc_column_inner][vc_column_inner width=\u00a0\u00bb1\/4&Prime;][vc_column_text]<img  title=\"\" loading=\"lazy\" decoding=\"async\" class=\"aligncenter wp-image-52729 size-full\" src=\"https:\/\/sago.com\/wp-content\/uploads\/2023\/02\/New-Jersey.png\"  alt=\"sago\"  width=\"256\" height=\"257\" \/><\/p>\n<h3 style=\"text-align: center;\">New Jersey<\/h3>\n<p>[\/vc_column_text][\/vc_column_inner][vc_column_inner width=\u00a0\u00bb1\/4&Prime;][vc_column_text]<img  title=\"\" loading=\"lazy\" decoding=\"async\" class=\"aligncenter wp-image-52733 size-full\" src=\"https:\/\/sago.com\/wp-content\/uploads\/2023\/02\/New-York.png\"  alt=\"sago\"  width=\"256\" height=\"257\" \/><\/p>\n<h3 style=\"text-align: center;\">New York<\/h3>\n<p>[\/vc_column_text][\/vc_column_inner][\/vc_row_inner][vc_row_inner el_class=\u00a0\u00bblocationh3&Prime;][vc_column_inner width=\u00a0\u00bb1\/4&Prime;][vc_column_text]<img  title=\"\" loading=\"lazy\" decoding=\"async\" class=\"aligncenter wp-image-52737 size-full\" src=\"https:\/\/sago.com\/wp-content\/uploads\/2023\/02\/Orlando.png\"  alt=\"sago\"  width=\"256\" height=\"257\" \/><\/p>\n<h3 style=\"text-align: center;\">Orlando<\/h3>\n<p>[\/vc_column_text][\/vc_column_inner][vc_column_inner width=\u00a0\u00bb1\/4&Prime;][vc_column_text]<img  title=\"\" loading=\"lazy\" decoding=\"async\" class=\"aligncenter wp-image-52745 size-full\" src=\"https:\/\/sago.com\/wp-content\/uploads\/2023\/02\/Philadelphia.png\"  alt=\"sago\"  width=\"256\" height=\"257\" \/><\/p>\n<h3 style=\"text-align: center;\">Philadelphia<\/h3>\n<p>[\/vc_column_text][\/vc_column_inner][vc_column_inner width=\u00a0\u00bb1\/4&Prime;][vc_column_text]<img  title=\"\" loading=\"lazy\" decoding=\"async\" class=\"aligncenter wp-image-52749 size-full\" src=\"https:\/\/sago.com\/wp-content\/uploads\/2023\/02\/Phoenix.png\"  alt=\"sago\"  width=\"256\" height=\"257\" \/><\/p>\n<h3 style=\"text-align: center;\">Phoenix<\/h3>\n<p>[\/vc_column_text][\/vc_column_inner][vc_column_inner width=\u00a0\u00bb1\/4&Prime;][vc_column_text]<img  title=\"\" loading=\"lazy\" decoding=\"async\" class=\"aligncenter wp-image-52753 size-full\" src=\"https:\/\/sago.com\/wp-content\/uploads\/2023\/02\/St-Louis.png\"  alt=\"sago\"  width=\"256\" height=\"256\" \/><\/p>\n<h3 style=\"text-align: center;\">St. Louis<\/h3>\n<p>[\/vc_column_text][\/vc_column_inner][\/vc_row_inner][vc_row_inner el_class=\u00a0\u00bblocationh3&Prime;][vc_column_inner width=\u00a0\u00bb1\/4&Prime;][\/vc_column_inner][vc_column_inner width=\u00a0\u00bb1\/4&Prime;][\/vc_column_inner][vc_column_inner width=\u00a0\u00bb1\/4&Prime;][vc_column_text]<\/p>\n<h3 style=\"text-align: center;\"><\/h3>\n<p>[\/vc_column_text][\/vc_column_inner][vc_column_inner width=\u00a0\u00bb1\/4&Prime;][vc_column_text]<\/p>\n<h3 style=\"text-align: center;\"><\/h3>\n<p>[\/vc_column_text][\/vc_column_inner][\/vc_row_inner][\/vc_column][\/vc_row][vc_row content_placement=\u00a0\u00bbmiddle\u00a0\u00bb disable_element=\u00a0\u00bbyes\u00a0\u00bb css=\u00a0\u00bb.vc_custom_1730814550830{padding-top: 50px !important;}\u00a0\u00bb conditional_render=\u00a0\u00bb%5B%7B%22value_role%22%3A%22administrator%22%7D%5D\u00a0\u00bb][vc_column width=\u00a0\u00bb1\/2&Prime;][vc_column_text]<\/p>\n<h2>Avant, pendant et apr\u00e8s le Covid-19 : nous d\u00e9finissons la r\u00e9f\u00e9rence pour des \u00e9tudes en personne responsables et fructueuses<\/h2>\n<p><a class=\"button\" href=\"https:\/\/sago.com\/\">Voir nos pr\u00e9cautions<\/a>[\/vc_column_text][\/vc_column][vc_column width=\u00a0\u00bb1\/2&Prime;][vc_single_image image=\u00a0\u00bb51957&Prime; img_size=\u00a0\u00bbfull\u00a0\u00bb][\/vc_column][\/vc_row][vc_row full_width=\u00a0\u00bbstretch_row_content\u00a0\u00bb css=\u00a0\u00bb.vc_custom_1641140800665{padding-top: 50px !important;padding-bottom: 50px !important;}\u00a0\u00bb][vc_column]<div class=\"porto-block\" data-id=\"56402\"><style>.vc_custom_1676485761953{padding-top: 50px !important;padding-bottom: 50px !important;}.vc_custom_1676239417174{padding-right: 0px !important;padding-left: 0px !important;}.vc_custom_1676239407838{padding-right: 0px !important;}.vc_custom_1675969268171{padding-right: 0px !important;padding-left: 0px !important;}.vc_custom_1675969278597{padding-right: 0px !important;padding-left: 0px !important;}.vc_custom_1676239706215{padding-right: 0px !important;}<\/style>[vc_row full_width=\"stretch_row_content_no_spaces\" equal_height=\"yes\" conditional_render=\"%5B%7B%22value_role%22%3A%22administrator%22%7D%5D\" css=\".vc_custom_1676485761953{padding-top: 50px !important;padding-bottom: 50px !important;}\"][vc_column css=\".vc_custom_1676239417174{padding-right: 0px !important;padding-left: 0px !important;}\" conditional_render=\"%5B%7B%22value_role%22%3A%22administrator%22%7D%5D\"][vc_row_inner equal_height=\"yes\" content_placement=\"middle\" css=\".vc_custom_1676239407838{padding-right: 0px !important;}\"][vc_column_inner width=\"1\/4\" offset=\"vc_col-xs-1\/5\" css=\".vc_custom_1675969268171{padding-right: 0px !important;padding-left: 0px !important;}\"][vc_single_image image=\"51222\" img_size=\"full\"][\/vc_column_inner][vc_column_inner width=\"1\/2\" offset=\"vc_col-xs-3\/5\"][vc_column_text]<\/p>\r\n<h2 style=\"text-align: center;\">Vous cherchez des r\u00e9ponses aux questions de votre entreprise ? Tout simplement Sago.<\/h2>\r\n<p>[\/vc_column_text][vc_btn title=\"Contactez-nous\" align=\"center\" el_class=\"getintouch\" link=\"url:https%3A%2F%2Fsago.com%2Ffr%2Fget-in-touch%2F|title:Get%20in%20touch\"][\/vc_column_inner][vc_column_inner width=\"1\/4\" offset=\"vc_col-xs-1\/5\" css=\".vc_custom_1675969278597{padding-right: 0px !important;padding-left: 0px !important;}\"][vc_single_image image=\"51226\" img_size=\"full\" alignment=\"right\" css=\".vc_custom_1676239706215{padding-right: 0px !important;}\"][\/vc_column_inner][\/vc_row_inner][\/vc_column][\/vc_row]<\/div>[\/vc_column][\/vc_row]<\/p>\n<\/div>","protected":false},"excerpt":{"rendered":"<p>[vc_row][vc_column][vc_column_text][\/vc_column_text][\/vc_column][\/vc_row][vc_row css=\u00a0\u00bb.vc_custom_1575402106023{padding-top: 50px !important;}\u00a0\u00bb el_id=\u00a0\u00bbeurope\u00a0\u00bb][vc_column conditional_render=\u00a0\u00bb%5B%7B%22value_role%22%3A%22administrator%22%7D%5D\u00a0\u00bb][vc_column_text] Nos sites en Europe [\/vc_column_text][vc_row_inner el_class=\u00a0\u00bblocationh3&Prime;][vc_column_inner width=\u00a0\u00bb1\/4&Prime;][vc_column_text] Centre de Londres [\/vc_column_text][\/vc_column_inner][vc_column_inner width=\u00a0\u00bb1\/4&Prime;][vc_column_text] Berlin [\/vc_column_text][\/vc_column_inner][vc_column_inner width=\u00a0\u00bb1\/4&Prime;][vc_column_text] Francfort [\/vc_column_text][\/vc_column_inner][vc_column_inner width=\u00a0\u00bb1\/4&Prime;][vc_column_text] Munich [\/vc_column_text][\/vc_column_inner][\/vc_row_inner][vc_row_inner el_class=\u00a0\u00bblocationh3&Prime;][vc_column_inner width=\u00a0\u00bb1\/4&Prime;][vc_column_text] Barcelone [\/vc_column_text][\/vc_column_inner][vc_column_inner width=\u00a0\u00bb1\/4&Prime;][vc_column_text] [\/vc_column_text][\/vc_column_inner][vc_column_inner width=\u00a0\u00bb1\/4&Prime;][vc_column_text] [\/vc_column_text][\/vc_column_inner][vc_column_inner width=\u00a0\u00bb1\/4&Prime;][vc_column_text] [\/vc_column_text][\/vc_column_inner][\/vc_row_inner][\/vc_column][\/vc_row][vc_row][vc_column][vc_column_text][\/vc_column_text][\/vc_column][\/vc_row][vc_row css=\u00a0\u00bb.vc_custom_1676661311581{padding-top: 50px !important;}\u00a0\u00bb el_id=\u00a0\u00bbus\u00a0\u00bb conditional_render=\u00a0\u00bb%5B%7B%22value_role%22%3A%22administrator%22%7D%5D\u00a0\u00bb][vc_column conditional_render=\u00a0\u00bb%5B%7B%22value_role%22%3A%22administrator%22%7D%5D\u00a0\u00bb][vc_column_text] Nos sites en Am\u00e9rique du Nord [\/vc_column_text][vc_row_inner el_class=\u00a0\u00bblocationh3&Prime;][vc_column_inner width=\u00a0\u00bb1\/4&Prime;][vc_column_text] Atlanta [\/vc_column_text][\/vc_column_inner][vc_column_inner width=\u00a0\u00bb1\/4&Prime;][vc_column_text] Baltimore [&hellip;]<\/p>\n","protected":false},"author":6,"featured_media":9004111222030899,"parent":0,"menu_order":0,"comment_status":"closed","ping_status":"closed","template":"facilities.php","meta":{"_acf_changed":false,"content-type":"","footnotes":""},"categories":[],"tags":[],"city":[],"class_list":["post-7043","page","type-page","status-publish","has-post-thumbnail","hentry"],"acf":[],"yoast_head":"<!-- This site is optimized with the Yoast SEO Premium plugin v19.7 (Yoast SEO v27.3) - https:\/\/yoast.com\/product\/yoast-seo-premium-wordpress\/ -->\n<title>Entretiens en face \u00e0 face dans nos locaux | Sago<\/title>\n<meta name=\"description\" content=\"Sago offers high-specification marketing research facilities in the US, UK, Germany and Spain.\" \/>\n<meta name=\"robots\" content=\"index, follow, max-snippet:-1, max-image-preview:large, max-video-preview:-1\" \/>\n<link rel=\"canonical\" href=\"https:\/\/sago.com\/fr\/nos-agences\/\" \/>\n<meta property=\"og:locale\" content=\"fr_FR\" \/>\n<meta property=\"og:type\" content=\"article\" \/>\n<meta property=\"og:title\" content=\"Nos agences\" \/>\n<meta property=\"og:description\" content=\"Sago offers high-specification marketing research facilities in the US, UK, Germany and Spain.\" \/>\n<meta property=\"og:url\" content=\"https:\/\/sago.com\/fr\/nos-agences\/\" \/>\n<meta property=\"og:site_name\" content=\"Sago\" \/>\n<meta property=\"article:publisher\" content=\"https:\/\/www.facebook.com\/sagomrx\" \/>\n<meta property=\"article:modified_time\" content=\"2025-01-02T11:34:17+00:00\" \/>\n<meta property=\"og:image\" content=\"https:\/\/sago.com\/wp-content\/uploads\/2025\/05\/Group-1669.png\" \/>\n\t<meta property=\"og:image:width\" content=\"1514\" \/>\n\t<meta property=\"og:image:height\" content=\"964\" \/>\n\t<meta property=\"og:image:type\" content=\"image\/png\" \/>\n<meta name=\"twitter:card\" content=\"summary_large_image\" \/>\n<meta name=\"twitter:site\" content=\"@sagomrx\" \/>\n<meta name=\"twitter:label1\" content=\"Dur\u00e9e de lecture estim\u00e9e\" \/>\n\t<meta name=\"twitter:data1\" content=\"5 minutes\" \/>\n<script type=\"application\/ld+json\" class=\"yoast-schema-graph\">{\"@context\":\"https:\\\/\\\/schema.org\",\"@graph\":[{\"@type\":\"WebPage\",\"@id\":\"https:\\\/\\\/sago.com\\\/fr\\\/nos-agences\\\/\",\"url\":\"https:\\\/\\\/sago.com\\\/fr\\\/nos-agences\\\/\",\"name\":\"Entretiens en face \u00e0 face dans nos locaux | Sago\",\"isPartOf\":{\"@id\":\"https:\\\/\\\/sago.com\\\/fr\\\/#website\"},\"primaryImageOfPage\":{\"@id\":\"https:\\\/\\\/sago.com\\\/fr\\\/nos-agences\\\/#primaryimage\"},\"image\":{\"@id\":\"https:\\\/\\\/sago.com\\\/fr\\\/nos-agences\\\/#primaryimage\"},\"thumbnailUrl\":\"https:\\\/\\\/sago.com\\\/wp-content\\\/uploads\\\/2025\\\/05\\\/Group-1669.png\",\"datePublished\":\"2016-11-11T19:53:30+00:00\",\"dateModified\":\"2025-01-02T11:34:17+00:00\",\"description\":\"Sago offers high-specification marketing research facilities in the US, UK, Germany and Spain.\",\"breadcrumb\":{\"@id\":\"https:\\\/\\\/sago.com\\\/fr\\\/nos-agences\\\/#breadcrumb\"},\"inLanguage\":\"fr-FR\",\"potentialAction\":[{\"@type\":\"ReadAction\",\"target\":[\"https:\\\/\\\/sago.com\\\/fr\\\/nos-agences\\\/\"]}]},{\"@type\":\"ImageObject\",\"inLanguage\":\"fr-FR\",\"@id\":\"https:\\\/\\\/sago.com\\\/fr\\\/nos-agences\\\/#primaryimage\",\"url\":\"https:\\\/\\\/sago.com\\\/wp-content\\\/uploads\\\/2025\\\/05\\\/Group-1669.png\",\"contentUrl\":\"https:\\\/\\\/sago.com\\\/wp-content\\\/uploads\\\/2025\\\/05\\\/Group-1669.png\",\"width\":1514,\"height\":964},{\"@type\":\"BreadcrumbList\",\"@id\":\"https:\\\/\\\/sago.com\\\/fr\\\/nos-agences\\\/#breadcrumb\",\"itemListElement\":[{\"@type\":\"ListItem\",\"position\":1,\"name\":\"Home\",\"item\":\"https:\\\/\\\/sago.com\\\/fr\\\/\"},{\"@type\":\"ListItem\",\"position\":2,\"name\":\"Nos agences\"}]},{\"@type\":\"WebSite\",\"@id\":\"https:\\\/\\\/sago.com\\\/fr\\\/#website\",\"url\":\"https:\\\/\\\/sago.com\\\/fr\\\/\",\"name\":\"Sago\",\"description\":\"Adaptable Solutions. Confident Decisions.\",\"publisher\":{\"@id\":\"https:\\\/\\\/sago.com\\\/fr\\\/#organization\"},\"potentialAction\":[{\"@type\":\"SearchAction\",\"target\":{\"@type\":\"EntryPoint\",\"urlTemplate\":\"https:\\\/\\\/sago.com\\\/fr\\\/?s={search_term_string}\"},\"query-input\":{\"@type\":\"PropertyValueSpecification\",\"valueRequired\":true,\"valueName\":\"search_term_string\"}}],\"inLanguage\":\"fr-FR\"},{\"@type\":\"Organization\",\"@id\":\"https:\\\/\\\/sago.com\\\/fr\\\/#organization\",\"name\":\"Sago\",\"url\":\"https:\\\/\\\/sago.com\\\/fr\\\/\",\"logo\":{\"@type\":\"ImageObject\",\"inLanguage\":\"fr-FR\",\"@id\":\"https:\\\/\\\/sago.com\\\/fr\\\/#\\\/schema\\\/logo\\\/image\\\/\",\"url\":\"https:\\\/\\\/3c98cd88ae.nxcli.io\\\/wp-content\\\/uploads\\\/2023\\\/02\\\/Sago-Standard-Logo.jpg\",\"contentUrl\":\"https:\\\/\\\/3c98cd88ae.nxcli.io\\\/wp-content\\\/uploads\\\/2023\\\/02\\\/Sago-Standard-Logo.jpg\",\"width\":200,\"height\":200,\"caption\":\"Sago\"},\"image\":{\"@id\":\"https:\\\/\\\/sago.com\\\/fr\\\/#\\\/schema\\\/logo\\\/image\\\/\"},\"sameAs\":[\"https:\\\/\\\/www.facebook.com\\\/sagomrx\",\"https:\\\/\\\/x.com\\\/sagomrx\",\"https:\\\/\\\/www.instagram.com\\\/sagomrx\\\/\",\"https:\\\/\\\/www.youtube.com\\\/@sago-mrx\",\"https:\\\/\\\/www.linkedin.com\\\/company\\\/sago-mrx\\\/\",\"https:\\\/\\\/vimeo.com\\\/sagomrx\"]}]}<\/script>\n<!-- \/ Yoast SEO Premium plugin. -->","yoast_head_json":{"title":"Entretiens en face \u00e0 face dans nos locaux | Sago","description":"Sago offers high-specification marketing research facilities in the US, UK, Germany and Spain.","robots":{"index":"index","follow":"follow","max-snippet":"max-snippet:-1","max-image-preview":"max-image-preview:large","max-video-preview":"max-video-preview:-1"},"canonical":"https:\/\/sago.com\/fr\/nos-agences\/","og_locale":"fr_FR","og_type":"article","og_title":"Nos agences","og_description":"Sago offers high-specification marketing research facilities in the US, UK, Germany and Spain.","og_url":"https:\/\/sago.com\/fr\/nos-agences\/","og_site_name":"Sago","article_publisher":"https:\/\/www.facebook.com\/sagomrx","article_modified_time":"2025-01-02T11:34:17+00:00","og_image":[{"width":1514,"height":964,"url":"https:\/\/sago.com\/wp-content\/uploads\/2025\/05\/Group-1669.png","type":"image\/png"}],"twitter_card":"summary_large_image","twitter_site":"@sagomrx","twitter_misc":{"Dur\u00e9e de lecture estim\u00e9e":"5 minutes"},"schema":{"@context":"https:\/\/schema.org","@graph":[{"@type":"WebPage","@id":"https:\/\/sago.com\/fr\/nos-agences\/","url":"https:\/\/sago.com\/fr\/nos-agences\/","name":"Entretiens en face \u00e0 face dans nos locaux | Sago","isPartOf":{"@id":"https:\/\/sago.com\/fr\/#website"},"primaryImageOfPage":{"@id":"https:\/\/sago.com\/fr\/nos-agences\/#primaryimage"},"image":{"@id":"https:\/\/sago.com\/fr\/nos-agences\/#primaryimage"},"thumbnailUrl":"https:\/\/sago.com\/wp-content\/uploads\/2025\/05\/Group-1669.png","datePublished":"2016-11-11T19:53:30+00:00","dateModified":"2025-01-02T11:34:17+00:00","description":"Sago offers high-specification marketing research facilities in the US, UK, Germany and Spain.","breadcrumb":{"@id":"https:\/\/sago.com\/fr\/nos-agences\/#breadcrumb"},"inLanguage":"fr-FR","potentialAction":[{"@type":"ReadAction","target":["https:\/\/sago.com\/fr\/nos-agences\/"]}]},{"@type":"ImageObject","inLanguage":"fr-FR","@id":"https:\/\/sago.com\/fr\/nos-agences\/#primaryimage","url":"https:\/\/sago.com\/wp-content\/uploads\/2025\/05\/Group-1669.png","contentUrl":"https:\/\/sago.com\/wp-content\/uploads\/2025\/05\/Group-1669.png","width":1514,"height":964},{"@type":"BreadcrumbList","@id":"https:\/\/sago.com\/fr\/nos-agences\/#breadcrumb","itemListElement":[{"@type":"ListItem","position":1,"name":"Home","item":"https:\/\/sago.com\/fr\/"},{"@type":"ListItem","position":2,"name":"Nos agences"}]},{"@type":"WebSite","@id":"https:\/\/sago.com\/fr\/#website","url":"https:\/\/sago.com\/fr\/","name":"Sago","description":"Adaptable Solutions. Confident Decisions.","publisher":{"@id":"https:\/\/sago.com\/fr\/#organization"},"potentialAction":[{"@type":"SearchAction","target":{"@type":"EntryPoint","urlTemplate":"https:\/\/sago.com\/fr\/?s={search_term_string}"},"query-input":{"@type":"PropertyValueSpecification","valueRequired":true,"valueName":"search_term_string"}}],"inLanguage":"fr-FR"},{"@type":"Organization","@id":"https:\/\/sago.com\/fr\/#organization","name":"Sago","url":"https:\/\/sago.com\/fr\/","logo":{"@type":"ImageObject","inLanguage":"fr-FR","@id":"https:\/\/sago.com\/fr\/#\/schema\/logo\/image\/","url":"https:\/\/3c98cd88ae.nxcli.io\/wp-content\/uploads\/2023\/02\/Sago-Standard-Logo.jpg","contentUrl":"https:\/\/3c98cd88ae.nxcli.io\/wp-content\/uploads\/2023\/02\/Sago-Standard-Logo.jpg","width":200,"height":200,"caption":"Sago"},"image":{"@id":"https:\/\/sago.com\/fr\/#\/schema\/logo\/image\/"},"sameAs":["https:\/\/www.facebook.com\/sagomrx","https:\/\/x.com\/sagomrx","https:\/\/www.instagram.com\/sagomrx\/","https:\/\/www.youtube.com\/@sago-mrx","https:\/\/www.linkedin.com\/company\/sago-mrx\/","https:\/\/vimeo.com\/sagomrx"]}]}},"_links":{"self":[{"href":"https:\/\/sago.com\/fr\/wp-json\/wp\/v2\/pages\/7043","targetHints":{"allow":["GET"]}}],"collection":[{"href":"https:\/\/sago.com\/fr\/wp-json\/wp\/v2\/pages"}],"about":[{"href":"https:\/\/sago.com\/fr\/wp-json\/wp\/v2\/types\/page"}],"author":[{"embeddable":true,"href":"https:\/\/sago.com\/fr\/wp-json\/wp\/v2\/users\/6"}],"replies":[{"embeddable":true,"href":"https:\/\/sago.com\/fr\/wp-json\/wp\/v2\/comments?post=7043"}],"version-history":[{"count":0,"href":"https:\/\/sago.com\/fr\/wp-json\/wp\/v2\/pages\/7043\/revisions"}],"wp:featuredmedia":[{"embeddable":true,"href":"https:\/\/sago.com\/fr\/wp-json\/wp\/v2\/media\/9004111222030899"}],"wp:attachment":[{"href":"https:\/\/sago.com\/fr\/wp-json\/wp\/v2\/media?parent=7043"}],"wp:term":[{"taxonomy":"category","embeddable":true,"href":"https:\/\/sago.com\/fr\/wp-json\/wp\/v2\/categories?post=7043"},{"taxonomy":"post_tag","embeddable":true,"href":"https:\/\/sago.com\/fr\/wp-json\/wp\/v2\/tags?post=7043"},{"taxonomy":"city","embeddable":true,"href":"https:\/\/sago.com\/fr\/wp-json\/wp\/v2\/city?post=7043"}],"curies":[{"name":"wp","href":"https:\/\/api.w.org\/{rel}","templated":true}]}}