{"id":28999,"date":"2020-07-15T06:39:06","date_gmt":"2020-07-15T10:39:06","guid":{"rendered":"https:\/\/1aa340fc3d.nxcli.io\/contact\/request-a-consultation\/"},"modified":"2025-12-22T02:14:36","modified_gmt":"2025-12-22T07:14:36","slug":"demandez-conseil","status":"publish","type":"page","link":"https:\/\/sago.com\/fr\/get-in-touch\/demandez-conseil\/","title":{"rendered":"Demandez conseil"},"content":{"rendered":"<div class=\"wpb-content-wrapper\"><p>[vc_row full_width=\u00a0\u00bbstretch_row\u00a0\u00bb css=\u00a0\u00bb.vc_custom_1676986728532{background-color: #6bc073 !important;}\u00a0\u00bb conditional_render=\u00a0\u00bb%5B%7B%22value_role%22%3A%22administrator%22%7D%5D\u00a0\u00bb el_class=\u00a0\u00bbformmainrow\u00a0\u00bb][vc_column][vc_row_inner][vc_column_inner][vc_empty_space height=\u00a0\u00bb70px\u00a0\u00bb][\/vc_column_inner][\/vc_row_inner][vc_row_inner css=\u00a0\u00bb.vc_custom_1676745495337{padding-top: 50px !important;}\u00a0\u00bb][vc_column_inner width=\u00a0\u00bb1\/2&Prime;][vc_column_text]<\/p>\n<h1 class=\"white-text\">Demandez conseil<\/h1>\n<h2 class=\"white-text\">Merci pour votre int\u00e9r\u00eat.<\/h2>\n<p class=\"white-text\">Que ce soit une demande de faisabilit\u00e9 et tarif pour un projet \u00e0 venir ou une question sur une m\u00e9thodologie ou service, notre \u00e9quipe d\u2019experts n\u2019attend que l\u2019occasion d\u2019entrer en contact avec vous. Indiquez vos coordonn\u00e9es ainsi qu\u2019un r\u00e9sum\u00e9 rapide de la nature de votre demande pour que notre \u00e9quipe puisse vous contacter et en discuter plus en d\u00e9tail avec vous.<\/p>\n<p class=\"white-text\">Vous pouvez \u00e9galement envoyer directement votre demande d\u00e9taill\u00e9e \u00e0 <a href=\"mailto:connect@sago.com\">connect@sago.com<\/a>.<\/p>\n<p>[\/vc_column_text][\/vc_column_inner][vc_column_inner width=\u00a0\u00bb1\/2&Prime;][vc_raw_html css=\u00a0\u00bb\u00a0\u00bb css_params=\u00a0\u00bb\u00a0\u00bb]JTNDc2NyaXB0JTIwc3JjJTNEJTIyaHR0cHMlM0ElMkYlMkZqcy1uYTIuaHNmb3Jtcy5uZXQlMkZmb3JtcyUyRmVtYmVkJTJGZGV2ZWxvcGVyJTJGMjQzNjk3MzM2LmpzJTIyJTIwZGVmZXIlM0UlM0MlMkZzY3JpcHQlM0UlMEQlMEElM0NkaXYlMjBjbGFzcyUzRCUyMmhzLWZvcm0taHRtbCUyMiUyMGRhdGEtcmVnaW9uJTNEJTIybmEyJTIyJTIwZGF0YS1mb3JtLWlkJTNEJTIyNzVjYzU1MGItNjQ2Mi00MGUyLWEwNDEtMDUxMWExMzcwY2VhJTIyJTIwZGF0YS1wb3J0YWwtaWQlM0QlMjIyNDM2OTczMzYlMjIlM0UlM0MlMkZkaXYlM0U=[\/vc_raw_html][\/vc_column_inner][\/vc_row_inner][vc_row_inner][vc_column_inner][vc_empty_space height=\u00a0\u00bb70px\u00a0\u00bb][\/vc_column_inner][\/vc_row_inner][\/vc_column][\/vc_row]<\/p>\n<\/div>","protected":false},"excerpt":{"rendered":"<p>[vc_row full_width=\u00a0\u00bbstretch_row\u00a0\u00bb css=\u00a0\u00bb.vc_custom_1676986728532{background-color: #6bc073 !important;}\u00a0\u00bb conditional_render=\u00a0\u00bb%5B%7B%22value_role%22%3A%22administrator%22%7D%5D\u00a0\u00bb el_class=\u00a0\u00bbformmainrow\u00a0\u00bb][vc_column][vc_row_inner][vc_column_inner][vc_empty_space height=\u00a0\u00bb70px\u00a0\u00bb][\/vc_column_inner][\/vc_row_inner][vc_row_inner css=\u00a0\u00bb.vc_custom_1676745495337{padding-top: 50px !important;}\u00a0\u00bb][vc_column_inner width=\u00a0\u00bb1\/2&Prime;][vc_column_text] Demandez conseil Merci pour votre int\u00e9r\u00eat. Que ce soit une demande de faisabilit\u00e9 et tarif pour un projet \u00e0 venir ou une question sur une m\u00e9thodologie ou service, notre \u00e9quipe d\u2019experts n\u2019attend que l\u2019occasion d\u2019entrer en contact avec vous. Indiquez vos coordonn\u00e9es ainsi [&hellip;]<\/p>\n","protected":false},"author":6,"featured_media":51329,"parent":7268,"menu_order":0,"comment_status":"closed","ping_status":"closed","template":"","meta":{"_acf_changed":false,"content-type":"","footnotes":""},"categories":[],"tags":[],"city":[],"class_list":["post-28999","page","type-page","status-publish","has-post-thumbnail","hentry"],"acf":[],"yoast_head":"<!-- This site is optimized with the Yoast SEO Premium plugin v19.7 (Yoast SEO v27.3) - https:\/\/yoast.com\/product\/yoast-seo-premium-wordpress\/ -->\n<title>Demandez conseil | Parlons \u00e9tude de march\u00e9 | Sago<\/title>\n<meta name=\"description\" content=\"Que ce soit une demande de faisabilit\u00e9 et tarif pour un projet \u00e0 venir ou une question sur une m\u00e9thodologie ou service, notre \u00e9quipe d\u2019experts n\u2019attend que l\u2019occasion d\u2019entrer en contact avec vous.\" \/>\n<meta name=\"robots\" content=\"index, follow, max-snippet:-1, max-image-preview:large, max-video-preview:-1\" \/>\n<link rel=\"canonical\" href=\"https:\/\/sago.com\/fr\/get-in-touch\/demandez-conseil\/\" \/>\n<meta property=\"og:locale\" content=\"fr_FR\" \/>\n<meta property=\"og:type\" content=\"article\" \/>\n<meta property=\"og:title\" content=\"Demandez conseil\" \/>\n<meta property=\"og:description\" content=\"Que ce soit une demande de faisabilit\u00e9 et tarif pour un projet \u00e0 venir ou une question sur une m\u00e9thodologie ou service, notre \u00e9quipe d\u2019experts n\u2019attend que l\u2019occasion d\u2019entrer en contact avec vous.\" \/>\n<meta property=\"og:url\" content=\"https:\/\/sago.com\/fr\/get-in-touch\/demandez-conseil\/\" \/>\n<meta property=\"og:site_name\" content=\"Sago\" \/>\n<meta property=\"article:publisher\" content=\"https:\/\/www.facebook.com\/sagomrx\" \/>\n<meta property=\"article:modified_time\" content=\"2025-12-22T07:14:36+00:00\" \/>\n<meta property=\"og:image\" content=\"https:\/\/sago.com\/wp-content\/uploads\/2023\/02\/Sago-Standard-Logo.jpg\" \/>\n\t<meta property=\"og:image:width\" content=\"200\" \/>\n\t<meta property=\"og:image:height\" content=\"200\" \/>\n\t<meta property=\"og:image:type\" content=\"image\/jpeg\" \/>\n<meta name=\"twitter:card\" content=\"summary_large_image\" \/>\n<meta name=\"twitter:site\" content=\"@sagomrx\" \/>\n<meta name=\"twitter:label1\" content=\"Dur\u00e9e de lecture estim\u00e9e\" \/>\n\t<meta name=\"twitter:data1\" content=\"1 minute\" \/>\n<script type=\"application\/ld+json\" class=\"yoast-schema-graph\">{\"@context\":\"https:\\\/\\\/schema.org\",\"@graph\":[{\"@type\":\"WebPage\",\"@id\":\"https:\\\/\\\/sago.com\\\/fr\\\/get-in-touch\\\/demandez-conseil\\\/\",\"url\":\"https:\\\/\\\/sago.com\\\/fr\\\/get-in-touch\\\/demandez-conseil\\\/\",\"name\":\"Demandez conseil | Parlons \u00e9tude de march\u00e9 | Sago\",\"isPartOf\":{\"@id\":\"https:\\\/\\\/sago.com\\\/fr\\\/#website\"},\"primaryImageOfPage\":{\"@id\":\"https:\\\/\\\/sago.com\\\/fr\\\/get-in-touch\\\/demandez-conseil\\\/#primaryimage\"},\"image\":{\"@id\":\"https:\\\/\\\/sago.com\\\/fr\\\/get-in-touch\\\/demandez-conseil\\\/#primaryimage\"},\"thumbnailUrl\":\"https:\\\/\\\/sago.com\\\/wp-content\\\/uploads\\\/2023\\\/02\\\/Sago-Standard-Logo.jpg\",\"datePublished\":\"2020-07-15T10:39:06+00:00\",\"dateModified\":\"2025-12-22T07:14:36+00:00\",\"description\":\"Que ce soit une demande de faisabilit\u00e9 et tarif pour un projet \u00e0 venir ou une question sur une m\u00e9thodologie ou service, notre \u00e9quipe d\u2019experts n\u2019attend que l\u2019occasion d\u2019entrer en contact avec vous.\",\"breadcrumb\":{\"@id\":\"https:\\\/\\\/sago.com\\\/fr\\\/get-in-touch\\\/demandez-conseil\\\/#breadcrumb\"},\"inLanguage\":\"fr-FR\",\"potentialAction\":[{\"@type\":\"ReadAction\",\"target\":[\"https:\\\/\\\/sago.com\\\/fr\\\/get-in-touch\\\/demandez-conseil\\\/\"]}]},{\"@type\":\"ImageObject\",\"inLanguage\":\"fr-FR\",\"@id\":\"https:\\\/\\\/sago.com\\\/fr\\\/get-in-touch\\\/demandez-conseil\\\/#primaryimage\",\"url\":\"https:\\\/\\\/sago.com\\\/wp-content\\\/uploads\\\/2023\\\/02\\\/Sago-Standard-Logo.jpg\",\"contentUrl\":\"https:\\\/\\\/sago.com\\\/wp-content\\\/uploads\\\/2023\\\/02\\\/Sago-Standard-Logo.jpg\",\"width\":200,\"height\":200,\"caption\":\"logo\"},{\"@type\":\"BreadcrumbList\",\"@id\":\"https:\\\/\\\/sago.com\\\/fr\\\/get-in-touch\\\/demandez-conseil\\\/#breadcrumb\",\"itemListElement\":[{\"@type\":\"ListItem\",\"position\":1,\"name\":\"Home\",\"item\":\"https:\\\/\\\/sago.com\\\/fr\\\/\"},{\"@type\":\"ListItem\",\"position\":2,\"name\":\"GET IN TOUCH\",\"item\":\"https:\\\/\\\/sago.com\\\/fr\\\/get-in-touch\\\/\"},{\"@type\":\"ListItem\",\"position\":3,\"name\":\"Demandez conseil\"}]},{\"@type\":\"WebSite\",\"@id\":\"https:\\\/\\\/sago.com\\\/fr\\\/#website\",\"url\":\"https:\\\/\\\/sago.com\\\/fr\\\/\",\"name\":\"Sago\",\"description\":\"Adaptable Solutions. Confident Decisions.\",\"publisher\":{\"@id\":\"https:\\\/\\\/sago.com\\\/fr\\\/#organization\"},\"potentialAction\":[{\"@type\":\"SearchAction\",\"target\":{\"@type\":\"EntryPoint\",\"urlTemplate\":\"https:\\\/\\\/sago.com\\\/fr\\\/?s={search_term_string}\"},\"query-input\":{\"@type\":\"PropertyValueSpecification\",\"valueRequired\":true,\"valueName\":\"search_term_string\"}}],\"inLanguage\":\"fr-FR\"},{\"@type\":\"Organization\",\"@id\":\"https:\\\/\\\/sago.com\\\/fr\\\/#organization\",\"name\":\"Sago\",\"url\":\"https:\\\/\\\/sago.com\\\/fr\\\/\",\"logo\":{\"@type\":\"ImageObject\",\"inLanguage\":\"fr-FR\",\"@id\":\"https:\\\/\\\/sago.com\\\/fr\\\/#\\\/schema\\\/logo\\\/image\\\/\",\"url\":\"https:\\\/\\\/3c98cd88ae.nxcli.io\\\/wp-content\\\/uploads\\\/2023\\\/02\\\/Sago-Standard-Logo.jpg\",\"contentUrl\":\"https:\\\/\\\/3c98cd88ae.nxcli.io\\\/wp-content\\\/uploads\\\/2023\\\/02\\\/Sago-Standard-Logo.jpg\",\"width\":200,\"height\":200,\"caption\":\"Sago\"},\"image\":{\"@id\":\"https:\\\/\\\/sago.com\\\/fr\\\/#\\\/schema\\\/logo\\\/image\\\/\"},\"sameAs\":[\"https:\\\/\\\/www.facebook.com\\\/sagomrx\",\"https:\\\/\\\/x.com\\\/sagomrx\",\"https:\\\/\\\/www.instagram.com\\\/sagomrx\\\/\",\"https:\\\/\\\/www.youtube.com\\\/@sago-mrx\",\"https:\\\/\\\/www.linkedin.com\\\/company\\\/sago-mrx\\\/\",\"https:\\\/\\\/vimeo.com\\\/sagomrx\"]}]}<\/script>\n<!-- \/ Yoast SEO Premium plugin. -->","yoast_head_json":{"title":"Demandez conseil | Parlons \u00e9tude de march\u00e9 | Sago","description":"Que ce soit une demande de faisabilit\u00e9 et tarif pour un projet \u00e0 venir ou une question sur une m\u00e9thodologie ou service, notre \u00e9quipe d\u2019experts n\u2019attend que l\u2019occasion d\u2019entrer en contact avec vous.","robots":{"index":"index","follow":"follow","max-snippet":"max-snippet:-1","max-image-preview":"max-image-preview:large","max-video-preview":"max-video-preview:-1"},"canonical":"https:\/\/sago.com\/fr\/get-in-touch\/demandez-conseil\/","og_locale":"fr_FR","og_type":"article","og_title":"Demandez conseil","og_description":"Que ce soit une demande de faisabilit\u00e9 et tarif pour un projet \u00e0 venir ou une question sur une m\u00e9thodologie ou service, notre \u00e9quipe d\u2019experts n\u2019attend que l\u2019occasion d\u2019entrer en contact avec vous.","og_url":"https:\/\/sago.com\/fr\/get-in-touch\/demandez-conseil\/","og_site_name":"Sago","article_publisher":"https:\/\/www.facebook.com\/sagomrx","article_modified_time":"2025-12-22T07:14:36+00:00","og_image":[{"width":200,"height":200,"url":"https:\/\/sago.com\/wp-content\/uploads\/2023\/02\/Sago-Standard-Logo.jpg","type":"image\/jpeg"}],"twitter_card":"summary_large_image","twitter_site":"@sagomrx","twitter_misc":{"Dur\u00e9e de lecture estim\u00e9e":"1 minute"},"schema":{"@context":"https:\/\/schema.org","@graph":[{"@type":"WebPage","@id":"https:\/\/sago.com\/fr\/get-in-touch\/demandez-conseil\/","url":"https:\/\/sago.com\/fr\/get-in-touch\/demandez-conseil\/","name":"Demandez conseil | Parlons \u00e9tude de march\u00e9 | Sago","isPartOf":{"@id":"https:\/\/sago.com\/fr\/#website"},"primaryImageOfPage":{"@id":"https:\/\/sago.com\/fr\/get-in-touch\/demandez-conseil\/#primaryimage"},"image":{"@id":"https:\/\/sago.com\/fr\/get-in-touch\/demandez-conseil\/#primaryimage"},"thumbnailUrl":"https:\/\/sago.com\/wp-content\/uploads\/2023\/02\/Sago-Standard-Logo.jpg","datePublished":"2020-07-15T10:39:06+00:00","dateModified":"2025-12-22T07:14:36+00:00","description":"Que ce soit une demande de faisabilit\u00e9 et tarif pour un projet \u00e0 venir ou une question sur une m\u00e9thodologie ou service, notre \u00e9quipe d\u2019experts n\u2019attend que l\u2019occasion d\u2019entrer en contact avec vous.","breadcrumb":{"@id":"https:\/\/sago.com\/fr\/get-in-touch\/demandez-conseil\/#breadcrumb"},"inLanguage":"fr-FR","potentialAction":[{"@type":"ReadAction","target":["https:\/\/sago.com\/fr\/get-in-touch\/demandez-conseil\/"]}]},{"@type":"ImageObject","inLanguage":"fr-FR","@id":"https:\/\/sago.com\/fr\/get-in-touch\/demandez-conseil\/#primaryimage","url":"https:\/\/sago.com\/wp-content\/uploads\/2023\/02\/Sago-Standard-Logo.jpg","contentUrl":"https:\/\/sago.com\/wp-content\/uploads\/2023\/02\/Sago-Standard-Logo.jpg","width":200,"height":200,"caption":"logo"},{"@type":"BreadcrumbList","@id":"https:\/\/sago.com\/fr\/get-in-touch\/demandez-conseil\/#breadcrumb","itemListElement":[{"@type":"ListItem","position":1,"name":"Home","item":"https:\/\/sago.com\/fr\/"},{"@type":"ListItem","position":2,"name":"GET IN TOUCH","item":"https:\/\/sago.com\/fr\/get-in-touch\/"},{"@type":"ListItem","position":3,"name":"Demandez conseil"}]},{"@type":"WebSite","@id":"https:\/\/sago.com\/fr\/#website","url":"https:\/\/sago.com\/fr\/","name":"Sago","description":"Adaptable Solutions. Confident Decisions.","publisher":{"@id":"https:\/\/sago.com\/fr\/#organization"},"potentialAction":[{"@type":"SearchAction","target":{"@type":"EntryPoint","urlTemplate":"https:\/\/sago.com\/fr\/?s={search_term_string}"},"query-input":{"@type":"PropertyValueSpecification","valueRequired":true,"valueName":"search_term_string"}}],"inLanguage":"fr-FR"},{"@type":"Organization","@id":"https:\/\/sago.com\/fr\/#organization","name":"Sago","url":"https:\/\/sago.com\/fr\/","logo":{"@type":"ImageObject","inLanguage":"fr-FR","@id":"https:\/\/sago.com\/fr\/#\/schema\/logo\/image\/","url":"https:\/\/3c98cd88ae.nxcli.io\/wp-content\/uploads\/2023\/02\/Sago-Standard-Logo.jpg","contentUrl":"https:\/\/3c98cd88ae.nxcli.io\/wp-content\/uploads\/2023\/02\/Sago-Standard-Logo.jpg","width":200,"height":200,"caption":"Sago"},"image":{"@id":"https:\/\/sago.com\/fr\/#\/schema\/logo\/image\/"},"sameAs":["https:\/\/www.facebook.com\/sagomrx","https:\/\/x.com\/sagomrx","https:\/\/www.instagram.com\/sagomrx\/","https:\/\/www.youtube.com\/@sago-mrx","https:\/\/www.linkedin.com\/company\/sago-mrx\/","https:\/\/vimeo.com\/sagomrx"]}]}},"_links":{"self":[{"href":"https:\/\/sago.com\/fr\/wp-json\/wp\/v2\/pages\/28999","targetHints":{"allow":["GET"]}}],"collection":[{"href":"https:\/\/sago.com\/fr\/wp-json\/wp\/v2\/pages"}],"about":[{"href":"https:\/\/sago.com\/fr\/wp-json\/wp\/v2\/types\/page"}],"author":[{"embeddable":true,"href":"https:\/\/sago.com\/fr\/wp-json\/wp\/v2\/users\/6"}],"replies":[{"embeddable":true,"href":"https:\/\/sago.com\/fr\/wp-json\/wp\/v2\/comments?post=28999"}],"version-history":[{"count":0,"href":"https:\/\/sago.com\/fr\/wp-json\/wp\/v2\/pages\/28999\/revisions"}],"up":[{"embeddable":true,"href":"https:\/\/sago.com\/fr\/wp-json\/wp\/v2\/pages\/7268"}],"wp:featuredmedia":[{"embeddable":true,"href":"https:\/\/sago.com\/fr\/wp-json\/wp\/v2\/media\/51329"}],"wp:attachment":[{"href":"https:\/\/sago.com\/fr\/wp-json\/wp\/v2\/media?parent=28999"}],"wp:term":[{"taxonomy":"category","embeddable":true,"href":"https:\/\/sago.com\/fr\/wp-json\/wp\/v2\/categories?post=28999"},{"taxonomy":"post_tag","embeddable":true,"href":"https:\/\/sago.com\/fr\/wp-json\/wp\/v2\/tags?post=28999"},{"taxonomy":"city","embeddable":true,"href":"https:\/\/sago.com\/fr\/wp-json\/wp\/v2\/city?post=28999"}],"curies":[{"name":"wp","href":"https:\/\/api.w.org\/{rel}","templated":true}]}}