{"id":29001,"date":"2020-07-15T06:39:06","date_gmt":"2020-07-15T10:39:06","guid":{"rendered":"https:\/\/1aa340fc3d.nxcli.io\/get-in-touch\/request-a-consultation\/"},"modified":"2025-12-22T02:10:16","modified_gmt":"2025-12-22T07:10:16","slug":"hacer-una-solicitud","status":"publish","type":"page","link":"https:\/\/sago.com\/es\/get-in-touch\/hacer-una-solicitud\/","title":{"rendered":"Hacer una solicitud"},"content":{"rendered":"<div class=\"wpb-content-wrapper\"><p>[vc_row full_width=\u00bbstretch_row\u00bb css=\u00bb.vc_custom_1676987011536{background-color: #6bc073 !important;}\u00bb conditional_render=\u00bb%5B%7B%22value_role%22%3A%22administrator%22%7D%5D\u00bb el_class=\u00bbformmainrow\u00bb][vc_column][vc_row_inner][vc_column_inner][vc_empty_space height=\u00bb70px\u00bb][\/vc_column_inner][\/vc_row_inner][vc_row_inner css=\u00bb.vc_custom_1676751413791{padding-top: 50px !important;}\u00bb][vc_column_inner width=\u00bb1\/2&#8243;][vc_column_text]<\/p>\n<h1 class=\"white-text\">Hacer una solicitud<\/h1>\n<h2 class=\"white-text\">Gracias por su inter\u00e9s.<\/h2>\n<p class=\"white-text\">Si tiene dudas sobre la viabilidad de un proyecto, quiere tener una idea de precio, tiene preguntas sobre metodolog\u00edas o servicios, nuestro grupo de expertos espera tener la oportunidad de ponerse en contacto con usted. Por favor, comparta su informaci\u00f3n de contacto y un peque\u00f1o resumen de su petici\u00f3n, de manera que alguien de nuestro equipo pueda ponerse en contacto con usted para comentar los detalles.<\/p>\n<p class=\"white-text\">Si lo prefiere, env\u00edenos un email con su solicitud m\u00e1s detallada a <a href=\"mailto:connect@sago.com\">connect@sago.com<\/a>.<\/p>\n<p>[\/vc_column_text][\/vc_column_inner][vc_column_inner width=\u00bb1\/2&#8243;][vc_raw_html css=\u00bb\u00bb css_params=\u00bb\u00bb]JTNDc2NyaXB0JTIwc3JjJTNEJTIyaHR0cHMlM0ElMkYlMkZqcy1uYTIuaHNmb3Jtcy5uZXQlMkZmb3JtcyUyRmVtYmVkJTJGZGV2ZWxvcGVyJTJGMjQzNjk3MzM2LmpzJTIyJTIwZGVmZXIlM0UlM0MlMkZzY3JpcHQlM0UlMEQlMEElM0NkaXYlMjBjbGFzcyUzRCUyMmhzLWZvcm0taHRtbCUyMiUyMGRhdGEtcmVnaW9uJTNEJTIybmEyJTIyJTIwZGF0YS1mb3JtLWlkJTNEJTIyNTE0Mzc4M2MtZWI2Mi00MWViLTk0MDItMDk4OTMzNTNmNTkxJTIyJTIwZGF0YS1wb3J0YWwtaWQlM0QlMjIyNDM2OTczMzYlMjIlM0UlM0MlMkZkaXYlM0U=[\/vc_raw_html][\/vc_column_inner][\/vc_row_inner][vc_empty_space height=\u00bb70px\u00bb][\/vc_column][\/vc_row]<\/p>\n<\/div>","protected":false},"excerpt":{"rendered":"<p>[vc_row full_width=\u00bbstretch_row\u00bb css=\u00bb.vc_custom_1676987011536{background-color: #6bc073 !important;}\u00bb conditional_render=\u00bb%5B%7B%22value_role%22%3A%22administrator%22%7D%5D\u00bb el_class=\u00bbformmainrow\u00bb][vc_column][vc_row_inner][vc_column_inner][vc_empty_space height=\u00bb70px\u00bb][\/vc_column_inner][\/vc_row_inner][vc_row_inner css=\u00bb.vc_custom_1676751413791{padding-top: 50px !important;}\u00bb][vc_column_inner width=\u00bb1\/2&#8243;][vc_column_text] Hacer una solicitud Gracias por su inter\u00e9s. Si tiene dudas sobre la viabilidad de un proyecto, quiere tener una idea de precio, tiene preguntas sobre metodolog\u00edas o servicios, nuestro grupo de expertos espera tener la oportunidad de ponerse en contacto con usted. Por [&hellip;]<\/p>\n","protected":false},"author":6,"featured_media":51331,"parent":7269,"menu_order":0,"comment_status":"closed","ping_status":"closed","template":"","meta":{"_acf_changed":false,"content-type":"","footnotes":""},"categories":[],"tags":[],"city":[],"class_list":["post-29001","page","type-page","status-publish","has-post-thumbnail","hentry"],"acf":[],"yoast_head":"<!-- This site is optimized with the Yoast SEO Premium plugin v19.7 (Yoast SEO v27.3) - https:\/\/yoast.com\/product\/yoast-seo-premium-wordpress\/ -->\n<title>Solicitud informaci\u00f3n | Hablemos de Investigaci\u00f3n de Mercados<\/title>\n<meta name=\"description\" content=\"Para un proyecto futuro o para preguntar sobre una metodolog\u00eda o servicio, nuestro equipo de expertos esperan tener la oportunidad de ponerse en contacto con usted.\" \/>\n<meta name=\"robots\" content=\"index, follow, max-snippet:-1, max-image-preview:large, max-video-preview:-1\" \/>\n<link rel=\"canonical\" href=\"https:\/\/sago.com\/es\/get-in-touch\/hacer-una-solicitud\/\" \/>\n<meta property=\"og:locale\" content=\"es_ES\" \/>\n<meta property=\"og:type\" content=\"article\" \/>\n<meta property=\"og:title\" content=\"Hacer una solicitud\" \/>\n<meta property=\"og:description\" content=\"Para un proyecto futuro o para preguntar sobre una metodolog\u00eda o servicio, nuestro equipo de expertos esperan tener la oportunidad de ponerse en contacto con usted.\" \/>\n<meta property=\"og:url\" content=\"https:\/\/sago.com\/es\/get-in-touch\/hacer-una-solicitud\/\" \/>\n<meta property=\"og:site_name\" content=\"Sago\" \/>\n<meta property=\"article:publisher\" content=\"https:\/\/www.facebook.com\/sagomrx\" \/>\n<meta property=\"article:modified_time\" content=\"2025-12-22T07:10:16+00:00\" \/>\n<meta property=\"og:image\" content=\"https:\/\/sago.com\/wp-content\/uploads\/2023\/02\/Sago-Standard-Logo.jpg\" \/>\n\t<meta property=\"og:image:width\" content=\"200\" \/>\n\t<meta property=\"og:image:height\" content=\"200\" \/>\n\t<meta property=\"og:image:type\" content=\"image\/jpeg\" \/>\n<meta name=\"twitter:card\" content=\"summary_large_image\" \/>\n<meta name=\"twitter:site\" content=\"@sagomrx\" \/>\n<meta name=\"twitter:label1\" content=\"Tiempo de lectura\" \/>\n\t<meta name=\"twitter:data1\" content=\"1 minuto\" \/>\n<script type=\"application\/ld+json\" class=\"yoast-schema-graph\">{\"@context\":\"https:\\\/\\\/schema.org\",\"@graph\":[{\"@type\":\"WebPage\",\"@id\":\"https:\\\/\\\/sago.com\\\/es\\\/get-in-touch\\\/hacer-una-solicitud\\\/\",\"url\":\"https:\\\/\\\/sago.com\\\/es\\\/get-in-touch\\\/hacer-una-solicitud\\\/\",\"name\":\"Solicitud informaci\u00f3n | Hablemos de Investigaci\u00f3n de Mercados\",\"isPartOf\":{\"@id\":\"https:\\\/\\\/sago.com\\\/es\\\/#website\"},\"primaryImageOfPage\":{\"@id\":\"https:\\\/\\\/sago.com\\\/es\\\/get-in-touch\\\/hacer-una-solicitud\\\/#primaryimage\"},\"image\":{\"@id\":\"https:\\\/\\\/sago.com\\\/es\\\/get-in-touch\\\/hacer-una-solicitud\\\/#primaryimage\"},\"thumbnailUrl\":\"https:\\\/\\\/sago.com\\\/wp-content\\\/uploads\\\/2023\\\/02\\\/Sago-Standard-Logo.jpg\",\"datePublished\":\"2020-07-15T10:39:06+00:00\",\"dateModified\":\"2025-12-22T07:10:16+00:00\",\"description\":\"Para un proyecto futuro o para preguntar sobre una metodolog\u00eda o servicio, nuestro equipo de expertos esperan tener la oportunidad de ponerse en contacto con usted.\",\"breadcrumb\":{\"@id\":\"https:\\\/\\\/sago.com\\\/es\\\/get-in-touch\\\/hacer-una-solicitud\\\/#breadcrumb\"},\"inLanguage\":\"es\",\"potentialAction\":[{\"@type\":\"ReadAction\",\"target\":[\"https:\\\/\\\/sago.com\\\/es\\\/get-in-touch\\\/hacer-una-solicitud\\\/\"]}]},{\"@type\":\"ImageObject\",\"inLanguage\":\"es\",\"@id\":\"https:\\\/\\\/sago.com\\\/es\\\/get-in-touch\\\/hacer-una-solicitud\\\/#primaryimage\",\"url\":\"https:\\\/\\\/sago.com\\\/wp-content\\\/uploads\\\/2023\\\/02\\\/Sago-Standard-Logo.jpg\",\"contentUrl\":\"https:\\\/\\\/sago.com\\\/wp-content\\\/uploads\\\/2023\\\/02\\\/Sago-Standard-Logo.jpg\",\"width\":200,\"height\":200,\"caption\":\"logo\"},{\"@type\":\"BreadcrumbList\",\"@id\":\"https:\\\/\\\/sago.com\\\/es\\\/get-in-touch\\\/hacer-una-solicitud\\\/#breadcrumb\",\"itemListElement\":[{\"@type\":\"ListItem\",\"position\":1,\"name\":\"Home\",\"item\":\"https:\\\/\\\/sago.com\\\/es\\\/\"},{\"@type\":\"ListItem\",\"position\":2,\"name\":\"GET IN TOUCH\",\"item\":\"https:\\\/\\\/sago.com\\\/es\\\/get-in-touch\\\/\"},{\"@type\":\"ListItem\",\"position\":3,\"name\":\"Hacer una solicitud\"}]},{\"@type\":\"WebSite\",\"@id\":\"https:\\\/\\\/sago.com\\\/es\\\/#website\",\"url\":\"https:\\\/\\\/sago.com\\\/es\\\/\",\"name\":\"Sago\",\"description\":\"Adaptable Solutions. Confident Decisions.\",\"publisher\":{\"@id\":\"https:\\\/\\\/sago.com\\\/es\\\/#organization\"},\"potentialAction\":[{\"@type\":\"SearchAction\",\"target\":{\"@type\":\"EntryPoint\",\"urlTemplate\":\"https:\\\/\\\/sago.com\\\/es\\\/?s={search_term_string}\"},\"query-input\":{\"@type\":\"PropertyValueSpecification\",\"valueRequired\":true,\"valueName\":\"search_term_string\"}}],\"inLanguage\":\"es\"},{\"@type\":\"Organization\",\"@id\":\"https:\\\/\\\/sago.com\\\/es\\\/#organization\",\"name\":\"Sago\",\"url\":\"https:\\\/\\\/sago.com\\\/es\\\/\",\"logo\":{\"@type\":\"ImageObject\",\"inLanguage\":\"es\",\"@id\":\"https:\\\/\\\/sago.com\\\/es\\\/#\\\/schema\\\/logo\\\/image\\\/\",\"url\":\"https:\\\/\\\/3c98cd88ae.nxcli.io\\\/wp-content\\\/uploads\\\/2023\\\/02\\\/Sago-Standard-Logo.jpg\",\"contentUrl\":\"https:\\\/\\\/3c98cd88ae.nxcli.io\\\/wp-content\\\/uploads\\\/2023\\\/02\\\/Sago-Standard-Logo.jpg\",\"width\":200,\"height\":200,\"caption\":\"Sago\"},\"image\":{\"@id\":\"https:\\\/\\\/sago.com\\\/es\\\/#\\\/schema\\\/logo\\\/image\\\/\"},\"sameAs\":[\"https:\\\/\\\/www.facebook.com\\\/sagomrx\",\"https:\\\/\\\/x.com\\\/sagomrx\",\"https:\\\/\\\/www.instagram.com\\\/sagomrx\\\/\",\"https:\\\/\\\/www.youtube.com\\\/@sago-mrx\",\"https:\\\/\\\/www.linkedin.com\\\/company\\\/sago-mrx\\\/\",\"https:\\\/\\\/vimeo.com\\\/sagomrx\"]}]}<\/script>\n<!-- \/ Yoast SEO Premium plugin. -->","yoast_head_json":{"title":"Solicitud informaci\u00f3n | Hablemos de Investigaci\u00f3n de Mercados","description":"Para un proyecto futuro o para preguntar sobre una metodolog\u00eda o servicio, nuestro equipo de expertos esperan tener la oportunidad de ponerse en contacto con usted.","robots":{"index":"index","follow":"follow","max-snippet":"max-snippet:-1","max-image-preview":"max-image-preview:large","max-video-preview":"max-video-preview:-1"},"canonical":"https:\/\/sago.com\/es\/get-in-touch\/hacer-una-solicitud\/","og_locale":"es_ES","og_type":"article","og_title":"Hacer una solicitud","og_description":"Para un proyecto futuro o para preguntar sobre una metodolog\u00eda o servicio, nuestro equipo de expertos esperan tener la oportunidad de ponerse en contacto con usted.","og_url":"https:\/\/sago.com\/es\/get-in-touch\/hacer-una-solicitud\/","og_site_name":"Sago","article_publisher":"https:\/\/www.facebook.com\/sagomrx","article_modified_time":"2025-12-22T07:10:16+00:00","og_image":[{"width":200,"height":200,"url":"https:\/\/sago.com\/wp-content\/uploads\/2023\/02\/Sago-Standard-Logo.jpg","type":"image\/jpeg"}],"twitter_card":"summary_large_image","twitter_site":"@sagomrx","twitter_misc":{"Tiempo de lectura":"1 minuto"},"schema":{"@context":"https:\/\/schema.org","@graph":[{"@type":"WebPage","@id":"https:\/\/sago.com\/es\/get-in-touch\/hacer-una-solicitud\/","url":"https:\/\/sago.com\/es\/get-in-touch\/hacer-una-solicitud\/","name":"Solicitud informaci\u00f3n | Hablemos de Investigaci\u00f3n de Mercados","isPartOf":{"@id":"https:\/\/sago.com\/es\/#website"},"primaryImageOfPage":{"@id":"https:\/\/sago.com\/es\/get-in-touch\/hacer-una-solicitud\/#primaryimage"},"image":{"@id":"https:\/\/sago.com\/es\/get-in-touch\/hacer-una-solicitud\/#primaryimage"},"thumbnailUrl":"https:\/\/sago.com\/wp-content\/uploads\/2023\/02\/Sago-Standard-Logo.jpg","datePublished":"2020-07-15T10:39:06+00:00","dateModified":"2025-12-22T07:10:16+00:00","description":"Para un proyecto futuro o para preguntar sobre una metodolog\u00eda o servicio, nuestro equipo de expertos esperan tener la oportunidad de ponerse en contacto con usted.","breadcrumb":{"@id":"https:\/\/sago.com\/es\/get-in-touch\/hacer-una-solicitud\/#breadcrumb"},"inLanguage":"es","potentialAction":[{"@type":"ReadAction","target":["https:\/\/sago.com\/es\/get-in-touch\/hacer-una-solicitud\/"]}]},{"@type":"ImageObject","inLanguage":"es","@id":"https:\/\/sago.com\/es\/get-in-touch\/hacer-una-solicitud\/#primaryimage","url":"https:\/\/sago.com\/wp-content\/uploads\/2023\/02\/Sago-Standard-Logo.jpg","contentUrl":"https:\/\/sago.com\/wp-content\/uploads\/2023\/02\/Sago-Standard-Logo.jpg","width":200,"height":200,"caption":"logo"},{"@type":"BreadcrumbList","@id":"https:\/\/sago.com\/es\/get-in-touch\/hacer-una-solicitud\/#breadcrumb","itemListElement":[{"@type":"ListItem","position":1,"name":"Home","item":"https:\/\/sago.com\/es\/"},{"@type":"ListItem","position":2,"name":"GET IN TOUCH","item":"https:\/\/sago.com\/es\/get-in-touch\/"},{"@type":"ListItem","position":3,"name":"Hacer una solicitud"}]},{"@type":"WebSite","@id":"https:\/\/sago.com\/es\/#website","url":"https:\/\/sago.com\/es\/","name":"Sago","description":"Adaptable Solutions. Confident Decisions.","publisher":{"@id":"https:\/\/sago.com\/es\/#organization"},"potentialAction":[{"@type":"SearchAction","target":{"@type":"EntryPoint","urlTemplate":"https:\/\/sago.com\/es\/?s={search_term_string}"},"query-input":{"@type":"PropertyValueSpecification","valueRequired":true,"valueName":"search_term_string"}}],"inLanguage":"es"},{"@type":"Organization","@id":"https:\/\/sago.com\/es\/#organization","name":"Sago","url":"https:\/\/sago.com\/es\/","logo":{"@type":"ImageObject","inLanguage":"es","@id":"https:\/\/sago.com\/es\/#\/schema\/logo\/image\/","url":"https:\/\/3c98cd88ae.nxcli.io\/wp-content\/uploads\/2023\/02\/Sago-Standard-Logo.jpg","contentUrl":"https:\/\/3c98cd88ae.nxcli.io\/wp-content\/uploads\/2023\/02\/Sago-Standard-Logo.jpg","width":200,"height":200,"caption":"Sago"},"image":{"@id":"https:\/\/sago.com\/es\/#\/schema\/logo\/image\/"},"sameAs":["https:\/\/www.facebook.com\/sagomrx","https:\/\/x.com\/sagomrx","https:\/\/www.instagram.com\/sagomrx\/","https:\/\/www.youtube.com\/@sago-mrx","https:\/\/www.linkedin.com\/company\/sago-mrx\/","https:\/\/vimeo.com\/sagomrx"]}]}},"_links":{"self":[{"href":"https:\/\/sago.com\/es\/wp-json\/wp\/v2\/pages\/29001","targetHints":{"allow":["GET"]}}],"collection":[{"href":"https:\/\/sago.com\/es\/wp-json\/wp\/v2\/pages"}],"about":[{"href":"https:\/\/sago.com\/es\/wp-json\/wp\/v2\/types\/page"}],"author":[{"embeddable":true,"href":"https:\/\/sago.com\/es\/wp-json\/wp\/v2\/users\/6"}],"replies":[{"embeddable":true,"href":"https:\/\/sago.com\/es\/wp-json\/wp\/v2\/comments?post=29001"}],"version-history":[{"count":0,"href":"https:\/\/sago.com\/es\/wp-json\/wp\/v2\/pages\/29001\/revisions"}],"up":[{"embeddable":true,"href":"https:\/\/sago.com\/es\/wp-json\/wp\/v2\/pages\/7269"}],"wp:featuredmedia":[{"embeddable":true,"href":"https:\/\/sago.com\/es\/wp-json\/wp\/v2\/media\/51331"}],"wp:attachment":[{"href":"https:\/\/sago.com\/es\/wp-json\/wp\/v2\/media?parent=29001"}],"wp:term":[{"taxonomy":"category","embeddable":true,"href":"https:\/\/sago.com\/es\/wp-json\/wp\/v2\/categories?post=29001"},{"taxonomy":"post_tag","embeddable":true,"href":"https:\/\/sago.com\/es\/wp-json\/wp\/v2\/tags?post=29001"},{"taxonomy":"city","embeddable":true,"href":"https:\/\/sago.com\/es\/wp-json\/wp\/v2\/city?post=29001"}],"curies":[{"name":"wp","href":"https:\/\/api.w.org\/{rel}","templated":true}]}}