{"id":18631,"date":"2019-07-17T14:21:45","date_gmt":"2019-07-17T19:21:45","guid":{"rendered":"https:\/\/1aa340fc3d.nxcli.io\/\/staging?page_id=18631"},"modified":"2023-02-22T15:33:57","modified_gmt":"2023-02-22T20:33:57","slug":"politica-de-calidad","status":"publish","type":"page","link":"https:\/\/sago.com\/es\/legal\/politica-de-calidad\/","title":{"rendered":"Pol\u00edtica de Calidad"},"content":{"rendered":"<div class=\"wpb-content-wrapper\"><p>[vc_row css=\u00bb.vc_custom_1677098063735{padding-top: 50px !important;padding-bottom: 50px !important;}\u00bb conditional_render=\u00bb%5B%7B%22value_role%22%3A%22administrator%22%7D%5D\u00bb][vc_column][vc_column_text]<\/p>\n<h1>Pol\u00edtica de Calidad<\/h1>\n<div>Schlesinger Group Marketing Research Spain, SL (DBA Sago) es una empresa cuya actividad se desarrolla en el \u00e1mbito de la investigaci\u00f3n de mercado sociol\u00f3gica y de opini\u00f3n. Sago ofrece servicios relacionados con los estudios de mercado, con especial \u00e9nfasis en la calidad y la eficiencia del trabajo de campo. Para ello, la empresa cuenta con un equipo humano estable de car\u00e1cter multicultural, vers\u00e1til y comprometido que hace posible una buena comunicaci\u00f3n y ejecuci\u00f3n de los proyectos, siendo \u00e9sta la base de nuestra pol\u00edtica de calidad.<\/div>\n<p>La presente pol\u00edtica de calidad tiene como finalidad servir de marco de referencia para la implantaci\u00f3n del sistema de gesti\u00f3n y para el establecimiento y revisi\u00f3n de los objetivos y metas de calidad. Para ello, la organizaci\u00f3n ha establecido una serie de compromisos en los que basa su sistema de gesti\u00f3n:<\/p>\n<ul>\n<li>Un estricto control y seguimiento de todos los servicios prestados para garantizar el cumplimiento de los requisitos acordados con el cliente.<\/li>\n<li>La honestidad que nos ha llevado a ganarnos la confianza de nuestros clientes y proveedores.<\/li>\n<li>El esfuerzo en el trabajo diario para mejorar la satisfacci\u00f3n de nuestros clientes en relaci\u00f3n al servicio que les ofrecemos.<\/li>\n<li>El compromiso de analizar el contexto y las partes interesadas de la empresa, as\u00ed como determinar todos aquellos riesgos y oportunidades que le afecten.<\/li>\n<\/ul>\n<p>Adem\u00e1s, asegura:<\/p>\n<ul>\n<li>El cumplimiento de los requisitos legales aplicables y otros que la organizaci\u00f3n suscriba, as\u00ed como los requisitos de las normas de referencia implantadas.<\/li>\n<li>Una mejora continua de la eficacia del Sistema de Gesti\u00f3n de la Calidad implantado, que se ve adaptando d\u00eda a d\u00eda a los posibles cambios en la organizaci\u00f3n.<\/li>\n<\/ul>\n<p>La Direcci\u00f3n se asegura que esta Pol\u00edtica es comunicada y entendida por todo el personal de la empresa y que \u00e9ste es consciente de su importancia para el buen funcionamiento del sistema de gesti\u00f3n. Adem\u00e1s, la Direcci\u00f3n revisa peri\u00f3dicamente esta Pol\u00edtica para garantizar que sigue siendo adecuada al prop\u00f3sito de la organizaci\u00f3n.<\/p>\n<p>15 de Junio de 2018, Barcelona[\/vc_column_text][\/vc_column][\/vc_row]<\/p>\n<\/div>","protected":false},"excerpt":{"rendered":"<p>[vc_row css=\u00bb.vc_custom_1677098063735{padding-top: 50px !important;padding-bottom: 50px !important;}\u00bb conditional_render=\u00bb%5B%7B%22value_role%22%3A%22administrator%22%7D%5D\u00bb][vc_column][vc_column_text] Pol\u00edtica de Calidad Schlesinger Group Marketing Research Spain, SL (DBA Sago) es una empresa cuya actividad se desarrolla en el \u00e1mbito de la investigaci\u00f3n de mercado sociol\u00f3gica y de opini\u00f3n. Sago ofrece servicios relacionados con los estudios de mercado, con especial \u00e9nfasis en la calidad y la eficiencia [&hellip;]<\/p>\n","protected":false},"author":6,"featured_media":51331,"parent":8239,"menu_order":0,"comment_status":"closed","ping_status":"closed","template":"simple-text-page.php","meta":{"_acf_changed":false,"content-type":"","footnotes":""},"categories":[],"tags":[],"city":[],"class_list":["post-18631","page","type-page","status-publish","has-post-thumbnail","hentry"],"acf":[],"yoast_head":"<!-- This site is optimized with the Yoast SEO Premium plugin v19.7 (Yoast SEO v27.5) - https:\/\/yoast.com\/product\/yoast-seo-premium-wordpress\/ -->\n<title>Schlesinger Group Spain | Barcelona &amp; Madrid | Pol\u00edtica de Calidad<\/title>\n<meta name=\"robots\" content=\"index, follow, max-snippet:-1, max-image-preview:large, max-video-preview:-1\" \/>\n<link rel=\"canonical\" href=\"https:\/\/sago.com\/es\/legal\/politica-de-calidad\/\" \/>\n<meta property=\"og:locale\" content=\"es_ES\" \/>\n<meta property=\"og:type\" content=\"article\" \/>\n<meta property=\"og:title\" content=\"Pol\u00edtica de Calidad\" \/>\n<meta property=\"og:description\" content=\"[vc_row css=\u00bb.vc_custom_1677098063735{padding-top: 50px !important;padding-bottom: 50px !important;}\u00bb conditional_render=\u00bb%5B%7B%22value_role%22%3A%22administrator%22%7D%5D\u00bb][vc_column][vc_column_text] Pol\u00edtica de Calidad Schlesinger Group Marketing Research Spain, SL (DBA Sago) es una empresa cuya actividad se desarrolla en el \u00e1mbito de la investigaci\u00f3n de mercado sociol\u00f3gica y de opini\u00f3n. Sago ofrece servicios relacionados con los estudios de mercado, con especial \u00e9nfasis en la calidad y la eficiencia [&hellip;]\" \/>\n<meta property=\"og:url\" content=\"https:\/\/sago.com\/es\/legal\/politica-de-calidad\/\" \/>\n<meta property=\"og:site_name\" content=\"Sago\" \/>\n<meta property=\"article:publisher\" content=\"https:\/\/www.facebook.com\/sagomrx\" \/>\n<meta property=\"article:modified_time\" content=\"2023-02-22T20:33:57+00:00\" \/>\n<meta property=\"og:image\" content=\"https:\/\/sago.com\/wp-content\/uploads\/2023\/02\/Sago-Standard-Logo.jpg\" \/>\n\t<meta property=\"og:image:width\" content=\"200\" \/>\n\t<meta property=\"og:image:height\" content=\"200\" \/>\n\t<meta property=\"og:image:type\" content=\"image\/jpeg\" \/>\n<meta name=\"twitter:card\" content=\"summary_large_image\" \/>\n<meta name=\"twitter:site\" content=\"@sagomrx\" \/>\n<meta name=\"twitter:label1\" content=\"Tiempo de lectura\" \/>\n\t<meta name=\"twitter:data1\" content=\"2 minutos\" \/>\n<script type=\"application\/ld+json\" class=\"yoast-schema-graph\">{\"@context\":\"https:\\\/\\\/schema.org\",\"@graph\":[{\"@type\":\"WebPage\",\"@id\":\"https:\\\/\\\/sago.com\\\/es\\\/legal\\\/politica-de-calidad\\\/\",\"url\":\"https:\\\/\\\/sago.com\\\/es\\\/legal\\\/politica-de-calidad\\\/\",\"name\":\"Schlesinger Group Spain | Barcelona & Madrid | Pol\u00edtica de Calidad\",\"isPartOf\":{\"@id\":\"https:\\\/\\\/sago.com\\\/es\\\/#website\"},\"primaryImageOfPage\":{\"@id\":\"https:\\\/\\\/sago.com\\\/es\\\/legal\\\/politica-de-calidad\\\/#primaryimage\"},\"image\":{\"@id\":\"https:\\\/\\\/sago.com\\\/es\\\/legal\\\/politica-de-calidad\\\/#primaryimage\"},\"thumbnailUrl\":\"https:\\\/\\\/sago.com\\\/wp-content\\\/uploads\\\/2023\\\/02\\\/Sago-Standard-Logo.jpg\",\"datePublished\":\"2019-07-17T19:21:45+00:00\",\"dateModified\":\"2023-02-22T20:33:57+00:00\",\"breadcrumb\":{\"@id\":\"https:\\\/\\\/sago.com\\\/es\\\/legal\\\/politica-de-calidad\\\/#breadcrumb\"},\"inLanguage\":\"es\",\"potentialAction\":[{\"@type\":\"ReadAction\",\"target\":[\"https:\\\/\\\/sago.com\\\/es\\\/legal\\\/politica-de-calidad\\\/\"]}]},{\"@type\":\"ImageObject\",\"inLanguage\":\"es\",\"@id\":\"https:\\\/\\\/sago.com\\\/es\\\/legal\\\/politica-de-calidad\\\/#primaryimage\",\"url\":\"https:\\\/\\\/sago.com\\\/wp-content\\\/uploads\\\/2023\\\/02\\\/Sago-Standard-Logo.jpg\",\"contentUrl\":\"https:\\\/\\\/sago.com\\\/wp-content\\\/uploads\\\/2023\\\/02\\\/Sago-Standard-Logo.jpg\",\"width\":200,\"height\":200,\"caption\":\"logo\"},{\"@type\":\"BreadcrumbList\",\"@id\":\"https:\\\/\\\/sago.com\\\/es\\\/legal\\\/politica-de-calidad\\\/#breadcrumb\",\"itemListElement\":[{\"@type\":\"ListItem\",\"position\":1,\"name\":\"Home\",\"item\":\"https:\\\/\\\/sago.com\\\/es\\\/\"},{\"@type\":\"ListItem\",\"position\":2,\"name\":\"Legal\",\"item\":\"https:\\\/\\\/sago.com\\\/es\\\/legal\\\/\"},{\"@type\":\"ListItem\",\"position\":3,\"name\":\"Pol\u00edtica de Calidad\"}]},{\"@type\":\"WebSite\",\"@id\":\"https:\\\/\\\/sago.com\\\/es\\\/#website\",\"url\":\"https:\\\/\\\/sago.com\\\/es\\\/\",\"name\":\"Sago\",\"description\":\"Adaptable Solutions. Confident Decisions.\",\"publisher\":{\"@id\":\"https:\\\/\\\/sago.com\\\/es\\\/#organization\"},\"potentialAction\":[{\"@type\":\"SearchAction\",\"target\":{\"@type\":\"EntryPoint\",\"urlTemplate\":\"https:\\\/\\\/sago.com\\\/es\\\/?s={search_term_string}\"},\"query-input\":{\"@type\":\"PropertyValueSpecification\",\"valueRequired\":true,\"valueName\":\"search_term_string\"}}],\"inLanguage\":\"es\"},{\"@type\":\"Organization\",\"@id\":\"https:\\\/\\\/sago.com\\\/es\\\/#organization\",\"name\":\"Sago\",\"url\":\"https:\\\/\\\/sago.com\\\/es\\\/\",\"logo\":{\"@type\":\"ImageObject\",\"inLanguage\":\"es\",\"@id\":\"https:\\\/\\\/sago.com\\\/es\\\/#\\\/schema\\\/logo\\\/image\\\/\",\"url\":\"https:\\\/\\\/3c98cd88ae.nxcli.io\\\/wp-content\\\/uploads\\\/2023\\\/02\\\/Sago-Standard-Logo.jpg\",\"contentUrl\":\"https:\\\/\\\/3c98cd88ae.nxcli.io\\\/wp-content\\\/uploads\\\/2023\\\/02\\\/Sago-Standard-Logo.jpg\",\"width\":200,\"height\":200,\"caption\":\"Sago\"},\"image\":{\"@id\":\"https:\\\/\\\/sago.com\\\/es\\\/#\\\/schema\\\/logo\\\/image\\\/\"},\"sameAs\":[\"https:\\\/\\\/www.facebook.com\\\/sagomrx\",\"https:\\\/\\\/x.com\\\/sagomrx\",\"https:\\\/\\\/www.instagram.com\\\/sagomrx\\\/\",\"https:\\\/\\\/www.youtube.com\\\/@sago-mrx\",\"https:\\\/\\\/www.linkedin.com\\\/company\\\/sago-mrx\\\/\",\"https:\\\/\\\/vimeo.com\\\/sagomrx\"]}]}<\/script>\n<!-- \/ Yoast SEO Premium plugin. -->","yoast_head_json":{"title":"Schlesinger Group Spain | Barcelona & Madrid | Pol\u00edtica de Calidad","robots":{"index":"index","follow":"follow","max-snippet":"max-snippet:-1","max-image-preview":"max-image-preview:large","max-video-preview":"max-video-preview:-1"},"canonical":"https:\/\/sago.com\/es\/legal\/politica-de-calidad\/","og_locale":"es_ES","og_type":"article","og_title":"Pol\u00edtica de Calidad","og_description":"[vc_row css=\u00bb.vc_custom_1677098063735{padding-top: 50px !important;padding-bottom: 50px !important;}\u00bb conditional_render=\u00bb%5B%7B%22value_role%22%3A%22administrator%22%7D%5D\u00bb][vc_column][vc_column_text] Pol\u00edtica de Calidad Schlesinger Group Marketing Research Spain, SL (DBA Sago) es una empresa cuya actividad se desarrolla en el \u00e1mbito de la investigaci\u00f3n de mercado sociol\u00f3gica y de opini\u00f3n. Sago ofrece servicios relacionados con los estudios de mercado, con especial \u00e9nfasis en la calidad y la eficiencia [&hellip;]","og_url":"https:\/\/sago.com\/es\/legal\/politica-de-calidad\/","og_site_name":"Sago","article_publisher":"https:\/\/www.facebook.com\/sagomrx","article_modified_time":"2023-02-22T20:33:57+00:00","og_image":[{"width":200,"height":200,"url":"https:\/\/sago.com\/wp-content\/uploads\/2023\/02\/Sago-Standard-Logo.jpg","type":"image\/jpeg"}],"twitter_card":"summary_large_image","twitter_site":"@sagomrx","twitter_misc":{"Tiempo de lectura":"2 minutos"},"schema":{"@context":"https:\/\/schema.org","@graph":[{"@type":"WebPage","@id":"https:\/\/sago.com\/es\/legal\/politica-de-calidad\/","url":"https:\/\/sago.com\/es\/legal\/politica-de-calidad\/","name":"Schlesinger Group Spain | Barcelona & Madrid | Pol\u00edtica de Calidad","isPartOf":{"@id":"https:\/\/sago.com\/es\/#website"},"primaryImageOfPage":{"@id":"https:\/\/sago.com\/es\/legal\/politica-de-calidad\/#primaryimage"},"image":{"@id":"https:\/\/sago.com\/es\/legal\/politica-de-calidad\/#primaryimage"},"thumbnailUrl":"https:\/\/sago.com\/wp-content\/uploads\/2023\/02\/Sago-Standard-Logo.jpg","datePublished":"2019-07-17T19:21:45+00:00","dateModified":"2023-02-22T20:33:57+00:00","breadcrumb":{"@id":"https:\/\/sago.com\/es\/legal\/politica-de-calidad\/#breadcrumb"},"inLanguage":"es","potentialAction":[{"@type":"ReadAction","target":["https:\/\/sago.com\/es\/legal\/politica-de-calidad\/"]}]},{"@type":"ImageObject","inLanguage":"es","@id":"https:\/\/sago.com\/es\/legal\/politica-de-calidad\/#primaryimage","url":"https:\/\/sago.com\/wp-content\/uploads\/2023\/02\/Sago-Standard-Logo.jpg","contentUrl":"https:\/\/sago.com\/wp-content\/uploads\/2023\/02\/Sago-Standard-Logo.jpg","width":200,"height":200,"caption":"logo"},{"@type":"BreadcrumbList","@id":"https:\/\/sago.com\/es\/legal\/politica-de-calidad\/#breadcrumb","itemListElement":[{"@type":"ListItem","position":1,"name":"Home","item":"https:\/\/sago.com\/es\/"},{"@type":"ListItem","position":2,"name":"Legal","item":"https:\/\/sago.com\/es\/legal\/"},{"@type":"ListItem","position":3,"name":"Pol\u00edtica de Calidad"}]},{"@type":"WebSite","@id":"https:\/\/sago.com\/es\/#website","url":"https:\/\/sago.com\/es\/","name":"Sago","description":"Adaptable Solutions. Confident Decisions.","publisher":{"@id":"https:\/\/sago.com\/es\/#organization"},"potentialAction":[{"@type":"SearchAction","target":{"@type":"EntryPoint","urlTemplate":"https:\/\/sago.com\/es\/?s={search_term_string}"},"query-input":{"@type":"PropertyValueSpecification","valueRequired":true,"valueName":"search_term_string"}}],"inLanguage":"es"},{"@type":"Organization","@id":"https:\/\/sago.com\/es\/#organization","name":"Sago","url":"https:\/\/sago.com\/es\/","logo":{"@type":"ImageObject","inLanguage":"es","@id":"https:\/\/sago.com\/es\/#\/schema\/logo\/image\/","url":"https:\/\/3c98cd88ae.nxcli.io\/wp-content\/uploads\/2023\/02\/Sago-Standard-Logo.jpg","contentUrl":"https:\/\/3c98cd88ae.nxcli.io\/wp-content\/uploads\/2023\/02\/Sago-Standard-Logo.jpg","width":200,"height":200,"caption":"Sago"},"image":{"@id":"https:\/\/sago.com\/es\/#\/schema\/logo\/image\/"},"sameAs":["https:\/\/www.facebook.com\/sagomrx","https:\/\/x.com\/sagomrx","https:\/\/www.instagram.com\/sagomrx\/","https:\/\/www.youtube.com\/@sago-mrx","https:\/\/www.linkedin.com\/company\/sago-mrx\/","https:\/\/vimeo.com\/sagomrx"]}]}},"_links":{"self":[{"href":"https:\/\/sago.com\/es\/wp-json\/wp\/v2\/pages\/18631","targetHints":{"allow":["GET"]}}],"collection":[{"href":"https:\/\/sago.com\/es\/wp-json\/wp\/v2\/pages"}],"about":[{"href":"https:\/\/sago.com\/es\/wp-json\/wp\/v2\/types\/page"}],"author":[{"embeddable":true,"href":"https:\/\/sago.com\/es\/wp-json\/wp\/v2\/users\/6"}],"replies":[{"embeddable":true,"href":"https:\/\/sago.com\/es\/wp-json\/wp\/v2\/comments?post=18631"}],"version-history":[{"count":0,"href":"https:\/\/sago.com\/es\/wp-json\/wp\/v2\/pages\/18631\/revisions"}],"up":[{"embeddable":true,"href":"https:\/\/sago.com\/es\/wp-json\/wp\/v2\/pages\/8239"}],"wp:featuredmedia":[{"embeddable":true,"href":"https:\/\/sago.com\/es\/wp-json\/wp\/v2\/media\/51331"}],"wp:attachment":[{"href":"https:\/\/sago.com\/es\/wp-json\/wp\/v2\/media?parent=18631"}],"wp:term":[{"taxonomy":"category","embeddable":true,"href":"https:\/\/sago.com\/es\/wp-json\/wp\/v2\/categories?post=18631"},{"taxonomy":"post_tag","embeddable":true,"href":"https:\/\/sago.com\/es\/wp-json\/wp\/v2\/tags?post=18631"},{"taxonomy":"city","embeddable":true,"href":"https:\/\/sago.com\/es\/wp-json\/wp\/v2\/city?post=18631"}],"curies":[{"name":"wp","href":"https:\/\/api.w.org\/{rel}","templated":true}]}}