{"id":9004111222022535,"date":"2018-04-24T11:17:47","date_gmt":"2018-04-24T16:17:47","guid":{"rendered":"https:\/\/3c98cd88ae.nxcli.io\/legal\/cookie-policy\/"},"modified":"2024-01-05T13:31:25","modified_gmt":"2024-01-05T18:31:25","slug":"cookie-policy","status":"publish","type":"page","link":"https:\/\/sago.com\/de\/legal\/cookie-policy\/","title":{"rendered":"Cookie Policy"},"content":{"rendered":"<div class=\"wpb-content-wrapper\"><p>[vc_row css=&#8220;.vc_custom_1676990071373{padding-top: 50px !important;padding-bottom: 50px !important;}&#8220; conditional_render=&#8220;%5B%7B%22value_role%22%3A%22administrator%22%7D%5D&#8220;][vc_column][vc_column_text]<\/p>\n<h1>COOKIE POLITIK<\/h1>\n<h2>1.1. Zweck<\/h2>\n<p>Cookie-Richtlinie f\u00fcr alle Sago-Nutzer &#8211; sowohl intern als auch extern.<\/p>\n<h2>1.2. Politik<\/h2>\n<p>Wir verwenden Cookies, um Ihre Erfahrung mit unserer Website sago.com zu verbessern. Diese Cookie-Richtlinie ist Teil der Datenschutzrichtlinie von Sago. Sie behandelt die Verwendung von Cookies zwischen Ihrem Ger\u00e4t und unserer Website.<\/p>\n<p>Wir stellen auch grundlegende Informationen \u00fcber die von uns genutzten Dienste Dritter zur Verf\u00fcgung, die ebenfalls Cookies als Teil ihres Dienstes verwenden k\u00f6nnen. Diese Richtlinie gilt nicht f\u00fcr deren Cookies.<\/p>\n<p>Wenn Sie keine Cookies von uns akzeptieren m\u00f6chten, sollten Sie Ihren Browser so einstellen, dass er Cookies von <a href=\"https:\/\/023e143c0a.nxcli.io\/de\/\">www.sago.com<\/a> ablehnt. In einem solchen Fall k\u00f6nnen wir Ihnen m\u00f6glicherweise einige der von Ihnen gew\u00fcnschten Inhalte und Dienste nicht zur Verf\u00fcgung stellen.<\/p>\n<h2>1.2.1 Was ist ein Cookie?<\/h2>\n<p>Ein Cookie ist ein kleiner Datensatz, den eine Website auf Ihrem Ger\u00e4t speichert, wenn Sie sie besuchen. Es enth\u00e4lt in der Regel Informationen \u00fcber die Website selbst, eine eindeutige Kennung, die es der Website erm\u00f6glicht, Ihren Webbrowser zu erkennen, wenn Sie wiederkommen, zus\u00e4tzliche Daten, die dem Zweck des Cookies dienen, und die Lebensdauer des Cookies selbst.<\/p>\n<p>Cookies werden verwendet, um bestimmte Funktionen zu aktivieren (z. B. das Einloggen), die Nutzung der Website zu verfolgen (z. B. Analysen), Ihre Benutzereinstellungen zu speichern (z. B. Zeitzone, Benachrichtigungspr\u00e4ferenzen) und Ihre Inhalte zu personalisieren (z. B. Werbung, Sprache).<\/p>\n<p>Cookies, die von der von Ihnen besuchten Website gesetzt werden, werden gew\u00f6hnlich als Erstanbieter-Cookies bezeichnet. Sie verfolgen in der Regel nur Ihre Aktivit\u00e4ten auf dieser bestimmten Website.<\/p>\n<p>Cookies, die von anderen Websites und Unternehmen (d. h. von Dritten) gesetzt werden, werden als Drittanbieter-Cookies bezeichnet. Sie k\u00f6nnen verwendet werden, um Sie auf anderen Websites zu verfolgen, die denselben Drittanbieterdienst nutzen.<\/p>\n<h2>1.2.2 Arten von Cookies und wie wir sie verwenden<\/h2>\n<p><strong>Unverzichtbare Cookies<br \/>\n<\/strong>Unverzichtbare Cookies sind f\u00fcr die Nutzung einer Website von entscheidender Bedeutung, da sie zentrale Funktionen wie Benutzeranmeldung, Kontoverwaltung, Einkaufswagen und Zahlungsabwicklung erm\u00f6glichen.<\/p>\n<p>Wir verwenden wichtige Cookies, um bestimmte Funktionen auf unserer Website zu erm\u00f6glichen.<\/p>\n<p>Eines der wichtigsten grundlegenden Cookies auf unserer Website wird von usercentrics.com gesetzt, der Drittanbieter-Plattform, die wir zur Verwaltung von Cookies auf unserer Website auf der Grundlage der Zustimmung des Nutzers verwenden. Sie speichert die Zustimmung des Nutzers zur Verarbeitung von Cookies auf unserer Website. Sie k\u00f6nnen Ihre Cookie-Einwilligung jederzeit \u00e4ndern, indem Sie <a href=\"#\">hier<\/a> klicken.<\/p>\n<p><strong>Funktionalit\u00e4t der Cookies<\/strong><br \/>\nFunktions-Cookies werden verwendet, um Informationen \u00fcber Ihr Ger\u00e4t und alle Einstellungen zu sammeln, die Sie auf der von Ihnen besuchten Website vornehmen (z. B. Sprach- und Zeitzoneneinstellungen). Mit diesen Informationen k\u00f6nnen Websites Ihnen angepasste, erweiterte oder optimierte Inhalte und Dienste anbieten. Diese Cookies k\u00f6nnen von der Website, die Sie besuchen, oder von Diensten Dritter gesetzt werden.<\/p>\n<p>Wir verwenden Funktions-Cookies f\u00fcr ausgew\u00e4hlte Funktionen auf unserer Website.<\/p>\n<p><strong>Marketing-Cookies<\/strong><br \/>\nMarketing-Cookies erm\u00f6glichen es uns, die Leistung der Website (Beispiel: Analytik) und den Erfolg von Marketingkampagnen zu messen. Diese werden idealerweise von Drittanbietern wie Google Analytics, Google Ads und Marketo gesetzt&#8230; Diese Cookies helfen uns auch, Ihnen relevante Inhalte auf unserer Website mithilfe von Chatbots und anderen auf unserer Website verf\u00fcgbaren Funktionen zu zeigen. Marketing-Cookies k\u00f6nnen weiter unterteilt werden in:<\/p>\n<ul>\n<li>Leistungs-Cookies<\/li>\n<\/ul>\n<p>Performance-Cookies verfolgen, wie Sie eine Website w\u00e4hrend Ihres Besuchs nutzen. In der Regel sind diese Informationen anonym und aggregiert, wobei die Informationen \u00fcber alle Nutzer der Website verfolgt werden. Sie helfen Unternehmen, das Nutzungsverhalten ihrer Besucher zu verstehen, Probleme oder Fehler zu erkennen und zu diagnostizieren, auf die ihre Nutzer sto\u00dfen, und bessere strategische Entscheidungen zu treffen, um das allgemeine Website-Erlebnis ihrer Besucher zu verbessern. Diese Cookies k\u00f6nnen von der Website, die Sie besuchen, oder von Diensten Dritter gesetzt werden. Sie sammeln keine pers\u00f6nlichen Informationen \u00fcber Sie.<\/p>\n<p>Wir verwenden Performance-Cookies auf unserer Website.<\/p>\n<ul>\n<li>Targeting\/Werbung Cookies<\/li>\n<\/ul>\n<p>Targeting-\/Werbe-Cookies helfen dabei, zu ermitteln, welche Werbeinhalte f\u00fcr Sie und Ihre Interessen am relevantesten und geeignetsten sind. Websites k\u00f6nnen sie verwenden, um gezielte Werbung zu liefern oder die Anzahl der Anzeigen zu begrenzen, die Sie sehen. Dies hilft den Unternehmen, die Effektivit\u00e4t ihrer Kampagnen und die Qualit\u00e4t der Inhalte, die Ihnen pr\u00e4sentiert werden, zu verbessern. Diese Cookies k\u00f6nnen von der Website, die Sie besuchen, oder von Diensten Dritter gesetzt werden. Von Dritten gesetzte Targeting-\/Werbe-Cookies k\u00f6nnen verwendet werden, um Sie auf anderen Websites zu verfolgen, die denselben Drittanbieterdienst nutzen.<\/p>\n<p>Wir k\u00f6nnen an verschiedenen Marketingplattformen von Drittanbietern teilnehmen, wie z.B. Google Ads, LinkedIn Ads und anderen \u00e4hnlichen Plattformen, und wenn Sie mit unseren Anzeigen auf diesen Plattformen interagieren, k\u00f6nnen diese Plattformen ihre Cookies (von Drittanbietern) setzen, was nicht in unserem Einflussbereich liegt.<\/p>\n<p>Wir verwenden Targeting-\/Werbe-Cookies auf unserer Website.<\/p>\n<p>Wenn Sie mehr \u00fcber den Datenschutz im Zusammenhang mit Cookies erfahren m\u00f6chten, lesen Sie bitte unsere <a href=\"https:\/\/023e143c0a.nxcli.io\/de\/legal\/privacy\/\">Datenschutzrichtlinie<\/a>.[\/vc_column_text][\/vc_column][\/vc_row]<\/p>\n<\/div>","protected":false},"excerpt":{"rendered":"<p>[vc_row css=&#8220;.vc_custom_1676990071373{padding-top: 50px !important;padding-bottom: 50px !important;}&#8220; conditional_render=&#8220;%5B%7B%22value_role%22%3A%22administrator%22%7D%5D&#8220;][vc_column][vc_column_text] COOKIE POLITIK 1.1. Zweck Cookie-Richtlinie f\u00fcr alle Sago-Nutzer &#8211; sowohl intern als auch extern. 1.2. Politik Wir verwenden Cookies, um Ihre Erfahrung mit unserer Website sago.com zu verbessern. Diese Cookie-Richtlinie ist Teil der Datenschutzrichtlinie von Sago. Sie behandelt die Verwendung von Cookies zwischen Ihrem Ger\u00e4t und unserer Website. [&hellip;]<\/p>\n","protected":false},"author":6,"featured_media":51330,"parent":8238,"menu_order":0,"comment_status":"closed","ping_status":"closed","template":"simple-text-page.php","meta":{"_acf_changed":false,"content-type":"","footnotes":""},"categories":[],"tags":[],"city":[],"class_list":["post-9004111222022535","page","type-page","status-publish","has-post-thumbnail","hentry"],"acf":[],"yoast_head":"<!-- This site is optimized with the Yoast SEO Premium plugin v19.7 (Yoast SEO v27.4) - https:\/\/yoast.com\/product\/yoast-seo-premium-wordpress\/ -->\n<title>Cookie Policy | Sago<\/title>\n<meta name=\"description\" content=\"This site uses cookies - small text files that are placed on your machine to help the site provide a better user experience.\" \/>\n<meta name=\"robots\" content=\"index, follow, max-snippet:-1, max-image-preview:large, max-video-preview:-1\" \/>\n<link rel=\"canonical\" href=\"https:\/\/sago.com\/de\/legal\/cookie-policy\/\" \/>\n<meta property=\"og:locale\" content=\"de_DE\" \/>\n<meta property=\"og:type\" content=\"article\" \/>\n<meta property=\"og:title\" content=\"Cookie Policy\" \/>\n<meta property=\"og:description\" content=\"This site uses cookies - small text files that are placed on your machine to help the site provide a better user experience.\" \/>\n<meta property=\"og:url\" content=\"https:\/\/sago.com\/de\/legal\/cookie-policy\/\" \/>\n<meta property=\"og:site_name\" content=\"Sago\" \/>\n<meta property=\"article:publisher\" content=\"https:\/\/www.facebook.com\/sagomrx\" \/>\n<meta property=\"article:modified_time\" content=\"2024-01-05T18:31:25+00:00\" \/>\n<meta property=\"og:image\" content=\"https:\/\/sago.com\/wp-content\/uploads\/2023\/02\/Sago-Standard-Logo.jpg\" \/>\n\t<meta property=\"og:image:width\" content=\"200\" \/>\n\t<meta property=\"og:image:height\" content=\"200\" \/>\n\t<meta property=\"og:image:type\" content=\"image\/jpeg\" \/>\n<meta name=\"twitter:card\" content=\"summary_large_image\" \/>\n<meta name=\"twitter:site\" content=\"@sagomrx\" \/>\n<meta name=\"twitter:label1\" content=\"Gesch\u00e4tzte Lesezeit\" \/>\n\t<meta name=\"twitter:data1\" content=\"4\u00a0Minuten\" \/>\n<script type=\"application\/ld+json\" class=\"yoast-schema-graph\">{\"@context\":\"https:\\\/\\\/schema.org\",\"@graph\":[{\"@type\":\"WebPage\",\"@id\":\"https:\\\/\\\/sago.com\\\/de\\\/legal\\\/cookie-policy\\\/\",\"url\":\"https:\\\/\\\/sago.com\\\/de\\\/legal\\\/cookie-policy\\\/\",\"name\":\"Cookie Policy | Sago\",\"isPartOf\":{\"@id\":\"https:\\\/\\\/sago.com\\\/de\\\/#website\"},\"primaryImageOfPage\":{\"@id\":\"https:\\\/\\\/sago.com\\\/de\\\/legal\\\/cookie-policy\\\/#primaryimage\"},\"image\":{\"@id\":\"https:\\\/\\\/sago.com\\\/de\\\/legal\\\/cookie-policy\\\/#primaryimage\"},\"thumbnailUrl\":\"https:\\\/\\\/sago.com\\\/wp-content\\\/uploads\\\/2023\\\/02\\\/Sago-Standard-Logo.jpg\",\"datePublished\":\"2018-04-24T16:17:47+00:00\",\"dateModified\":\"2024-01-05T18:31:25+00:00\",\"description\":\"This site uses cookies - small text files that are placed on your machine to help the site provide a better user experience.\",\"breadcrumb\":{\"@id\":\"https:\\\/\\\/sago.com\\\/de\\\/legal\\\/cookie-policy\\\/#breadcrumb\"},\"inLanguage\":\"de\",\"potentialAction\":[{\"@type\":\"ReadAction\",\"target\":[\"https:\\\/\\\/sago.com\\\/de\\\/legal\\\/cookie-policy\\\/\"]}]},{\"@type\":\"ImageObject\",\"inLanguage\":\"de\",\"@id\":\"https:\\\/\\\/sago.com\\\/de\\\/legal\\\/cookie-policy\\\/#primaryimage\",\"url\":\"https:\\\/\\\/sago.com\\\/wp-content\\\/uploads\\\/2023\\\/02\\\/Sago-Standard-Logo.jpg\",\"contentUrl\":\"https:\\\/\\\/sago.com\\\/wp-content\\\/uploads\\\/2023\\\/02\\\/Sago-Standard-Logo.jpg\",\"width\":200,\"height\":200,\"caption\":\"logo\"},{\"@type\":\"BreadcrumbList\",\"@id\":\"https:\\\/\\\/sago.com\\\/de\\\/legal\\\/cookie-policy\\\/#breadcrumb\",\"itemListElement\":[{\"@type\":\"ListItem\",\"position\":1,\"name\":\"Home\",\"item\":\"https:\\\/\\\/sago.com\\\/de\\\/\"},{\"@type\":\"ListItem\",\"position\":2,\"name\":\"Legal\",\"item\":\"https:\\\/\\\/sago.com\\\/de\\\/legal\\\/\"},{\"@type\":\"ListItem\",\"position\":3,\"name\":\"Cookie Policy\"}]},{\"@type\":\"WebSite\",\"@id\":\"https:\\\/\\\/sago.com\\\/de\\\/#website\",\"url\":\"https:\\\/\\\/sago.com\\\/de\\\/\",\"name\":\"Sago\",\"description\":\"Adaptable Solutions. Confident Decisions.\",\"publisher\":{\"@id\":\"https:\\\/\\\/sago.com\\\/de\\\/#organization\"},\"potentialAction\":[{\"@type\":\"SearchAction\",\"target\":{\"@type\":\"EntryPoint\",\"urlTemplate\":\"https:\\\/\\\/sago.com\\\/de\\\/?s={search_term_string}\"},\"query-input\":{\"@type\":\"PropertyValueSpecification\",\"valueRequired\":true,\"valueName\":\"search_term_string\"}}],\"inLanguage\":\"de\"},{\"@type\":\"Organization\",\"@id\":\"https:\\\/\\\/sago.com\\\/de\\\/#organization\",\"name\":\"Sago\",\"url\":\"https:\\\/\\\/sago.com\\\/de\\\/\",\"logo\":{\"@type\":\"ImageObject\",\"inLanguage\":\"de\",\"@id\":\"https:\\\/\\\/sago.com\\\/de\\\/#\\\/schema\\\/logo\\\/image\\\/\",\"url\":\"https:\\\/\\\/3c98cd88ae.nxcli.io\\\/wp-content\\\/uploads\\\/2023\\\/02\\\/Sago-Standard-Logo.jpg\",\"contentUrl\":\"https:\\\/\\\/3c98cd88ae.nxcli.io\\\/wp-content\\\/uploads\\\/2023\\\/02\\\/Sago-Standard-Logo.jpg\",\"width\":200,\"height\":200,\"caption\":\"Sago\"},\"image\":{\"@id\":\"https:\\\/\\\/sago.com\\\/de\\\/#\\\/schema\\\/logo\\\/image\\\/\"},\"sameAs\":[\"https:\\\/\\\/www.facebook.com\\\/sagomrx\",\"https:\\\/\\\/x.com\\\/sagomrx\",\"https:\\\/\\\/www.instagram.com\\\/sagomrx\\\/\",\"https:\\\/\\\/www.youtube.com\\\/@sago-mrx\",\"https:\\\/\\\/www.linkedin.com\\\/company\\\/sago-mrx\\\/\",\"https:\\\/\\\/vimeo.com\\\/sagomrx\"]}]}<\/script>\n<!-- \/ Yoast SEO Premium plugin. -->","yoast_head_json":{"title":"Cookie Policy | Sago","description":"This site uses cookies - small text files that are placed on your machine to help the site provide a better user experience.","robots":{"index":"index","follow":"follow","max-snippet":"max-snippet:-1","max-image-preview":"max-image-preview:large","max-video-preview":"max-video-preview:-1"},"canonical":"https:\/\/sago.com\/de\/legal\/cookie-policy\/","og_locale":"de_DE","og_type":"article","og_title":"Cookie Policy","og_description":"This site uses cookies - small text files that are placed on your machine to help the site provide a better user experience.","og_url":"https:\/\/sago.com\/de\/legal\/cookie-policy\/","og_site_name":"Sago","article_publisher":"https:\/\/www.facebook.com\/sagomrx","article_modified_time":"2024-01-05T18:31:25+00:00","og_image":[{"width":200,"height":200,"url":"https:\/\/sago.com\/wp-content\/uploads\/2023\/02\/Sago-Standard-Logo.jpg","type":"image\/jpeg"}],"twitter_card":"summary_large_image","twitter_site":"@sagomrx","twitter_misc":{"Gesch\u00e4tzte Lesezeit":"4\u00a0Minuten"},"schema":{"@context":"https:\/\/schema.org","@graph":[{"@type":"WebPage","@id":"https:\/\/sago.com\/de\/legal\/cookie-policy\/","url":"https:\/\/sago.com\/de\/legal\/cookie-policy\/","name":"Cookie Policy | Sago","isPartOf":{"@id":"https:\/\/sago.com\/de\/#website"},"primaryImageOfPage":{"@id":"https:\/\/sago.com\/de\/legal\/cookie-policy\/#primaryimage"},"image":{"@id":"https:\/\/sago.com\/de\/legal\/cookie-policy\/#primaryimage"},"thumbnailUrl":"https:\/\/sago.com\/wp-content\/uploads\/2023\/02\/Sago-Standard-Logo.jpg","datePublished":"2018-04-24T16:17:47+00:00","dateModified":"2024-01-05T18:31:25+00:00","description":"This site uses cookies - small text files that are placed on your machine to help the site provide a better user experience.","breadcrumb":{"@id":"https:\/\/sago.com\/de\/legal\/cookie-policy\/#breadcrumb"},"inLanguage":"de","potentialAction":[{"@type":"ReadAction","target":["https:\/\/sago.com\/de\/legal\/cookie-policy\/"]}]},{"@type":"ImageObject","inLanguage":"de","@id":"https:\/\/sago.com\/de\/legal\/cookie-policy\/#primaryimage","url":"https:\/\/sago.com\/wp-content\/uploads\/2023\/02\/Sago-Standard-Logo.jpg","contentUrl":"https:\/\/sago.com\/wp-content\/uploads\/2023\/02\/Sago-Standard-Logo.jpg","width":200,"height":200,"caption":"logo"},{"@type":"BreadcrumbList","@id":"https:\/\/sago.com\/de\/legal\/cookie-policy\/#breadcrumb","itemListElement":[{"@type":"ListItem","position":1,"name":"Home","item":"https:\/\/sago.com\/de\/"},{"@type":"ListItem","position":2,"name":"Legal","item":"https:\/\/sago.com\/de\/legal\/"},{"@type":"ListItem","position":3,"name":"Cookie Policy"}]},{"@type":"WebSite","@id":"https:\/\/sago.com\/de\/#website","url":"https:\/\/sago.com\/de\/","name":"Sago","description":"Adaptable Solutions. Confident Decisions.","publisher":{"@id":"https:\/\/sago.com\/de\/#organization"},"potentialAction":[{"@type":"SearchAction","target":{"@type":"EntryPoint","urlTemplate":"https:\/\/sago.com\/de\/?s={search_term_string}"},"query-input":{"@type":"PropertyValueSpecification","valueRequired":true,"valueName":"search_term_string"}}],"inLanguage":"de"},{"@type":"Organization","@id":"https:\/\/sago.com\/de\/#organization","name":"Sago","url":"https:\/\/sago.com\/de\/","logo":{"@type":"ImageObject","inLanguage":"de","@id":"https:\/\/sago.com\/de\/#\/schema\/logo\/image\/","url":"https:\/\/3c98cd88ae.nxcli.io\/wp-content\/uploads\/2023\/02\/Sago-Standard-Logo.jpg","contentUrl":"https:\/\/3c98cd88ae.nxcli.io\/wp-content\/uploads\/2023\/02\/Sago-Standard-Logo.jpg","width":200,"height":200,"caption":"Sago"},"image":{"@id":"https:\/\/sago.com\/de\/#\/schema\/logo\/image\/"},"sameAs":["https:\/\/www.facebook.com\/sagomrx","https:\/\/x.com\/sagomrx","https:\/\/www.instagram.com\/sagomrx\/","https:\/\/www.youtube.com\/@sago-mrx","https:\/\/www.linkedin.com\/company\/sago-mrx\/","https:\/\/vimeo.com\/sagomrx"]}]}},"_links":{"self":[{"href":"https:\/\/sago.com\/de\/wp-json\/wp\/v2\/pages\/9004111222022535","targetHints":{"allow":["GET"]}}],"collection":[{"href":"https:\/\/sago.com\/de\/wp-json\/wp\/v2\/pages"}],"about":[{"href":"https:\/\/sago.com\/de\/wp-json\/wp\/v2\/types\/page"}],"author":[{"embeddable":true,"href":"https:\/\/sago.com\/de\/wp-json\/wp\/v2\/users\/6"}],"replies":[{"embeddable":true,"href":"https:\/\/sago.com\/de\/wp-json\/wp\/v2\/comments?post=9004111222022535"}],"version-history":[{"count":0,"href":"https:\/\/sago.com\/de\/wp-json\/wp\/v2\/pages\/9004111222022535\/revisions"}],"up":[{"embeddable":true,"href":"https:\/\/sago.com\/de\/wp-json\/wp\/v2\/pages\/8238"}],"wp:featuredmedia":[{"embeddable":true,"href":"https:\/\/sago.com\/de\/wp-json\/wp\/v2\/media\/51330"}],"wp:attachment":[{"href":"https:\/\/sago.com\/de\/wp-json\/wp\/v2\/media?parent=9004111222022535"}],"wp:term":[{"taxonomy":"category","embeddable":true,"href":"https:\/\/sago.com\/de\/wp-json\/wp\/v2\/categories?post=9004111222022535"},{"taxonomy":"post_tag","embeddable":true,"href":"https:\/\/sago.com\/de\/wp-json\/wp\/v2\/tags?post=9004111222022535"},{"taxonomy":"city","embeddable":true,"href":"https:\/\/sago.com\/de\/wp-json\/wp\/v2\/city?post=9004111222022535"}],"curies":[{"name":"wp","href":"https:\/\/api.w.org\/{rel}","templated":true}]}}