{"id":29000,"date":"2020-07-15T06:39:06","date_gmt":"2020-07-15T10:39:06","guid":{"rendered":"https:\/\/1aa340fc3d.nxcli.io\/kontact\/request-a-consultation\/"},"modified":"2025-12-22T02:09:05","modified_gmt":"2025-12-22T07:09:05","slug":"anfrage-fuer-eine-beratung","status":"publish","type":"page","link":"https:\/\/sago.com\/de\/kontakt\/anfrage-fuer-eine-beratung\/","title":{"rendered":"Anfrage f\u00fcr eine Beratung"},"content":{"rendered":"<div class=\"wpb-content-wrapper\"><p>[vc_row full_width=&#8220;stretch_row&#8220; gap=&#8220;35&#8243; css=&#8220;.vc_custom_1676986927249{background-color: #6bc073 !important;}&#8220; conditional_render=&#8220;%5B%7B%22value_role%22%3A%22administrator%22%7D%5D&#8220; el_class=&#8220;formmainrow&#8220;][vc_column][vc_row_inner][vc_column_inner][vc_empty_space height=&#8220;70&#8243;][\/vc_column_inner][\/vc_row_inner][vc_row_inner css=&#8220;.vc_custom_1676751334032{padding-top: 50px !important;}&#8220;][vc_column_inner width=&#8220;1\/2&#8243;][vc_column_text]<\/p>\n<h1 class=\"white-text\">Anfrage f\u00fcr eine Beratung<\/h1>\n<h2 class=\"white-text\">Vielen Dank f\u00fcr Ihr Interesse.<\/h2>\n<p class=\"white-text\">Egal, ob es sich um Machbarkeits- oder Preisanfrage f\u00fcr ein bevorstehendes Projekt oder um eine methodische Frage oder eine Frage zu unserem Leistungsspektrum handelt, unser Expertenteam freut sich auf die Gelegenheit, mit Ihnen in Kontakt zu treten. Bitte nennen Sie uns Ihre Kontaktdaten und eine kurze Zusammenfassung Ihrer Anfrage, damit unser Team Sie kontaktieren kann, um Ihre Anfrage detaillierter zu besprechen.<\/p>\n<p class=\"white-text\">Alternativ k\u00f6nnen Sie Ihre Anfrage per E-Mail an <a href=\"mailto:connect@sago.com\">connect@sago.com<\/a> senden.<\/p>\n<p>[\/vc_column_text][\/vc_column_inner][vc_column_inner width=&#8220;1\/2&#8243;][vc_raw_html css=&#8220;&#8220; css_params=&#8220;&#8220;]JTNDc2NyaXB0JTIwc3JjJTNEJTIyaHR0cHMlM0ElMkYlMkZqcy1uYTIuaHNmb3Jtcy5uZXQlMkZmb3JtcyUyRmVtYmVkJTJGZGV2ZWxvcGVyJTJGMjQzNjk3MzM2LmpzJTIyJTIwZGVmZXIlM0UlM0MlMkZzY3JpcHQlM0UlMEQlMEElM0NkaXYlMjBjbGFzcyUzRCUyMmhzLWZvcm0taHRtbCUyMiUyMGRhdGEtcmVnaW9uJTNEJTIybmEyJTIyJTIwZGF0YS1mb3JtLWlkJTNEJTIyN2FhNWZhNTEtNGMxNC00OWQ4LWIxNTQtM2ExOGZkMjQxOGNiJTIyJTIwZGF0YS1wb3J0YWwtaWQlM0QlMjIyNDM2OTczMzYlMjIlM0UlM0MlMkZkaXYlM0U=[\/vc_raw_html][\/vc_column_inner][\/vc_row_inner][vc_row_inner][vc_column_inner][vc_empty_space height=&#8220;70&#8243;][\/vc_column_inner][\/vc_row_inner][\/vc_column][\/vc_row]<\/p>\n<\/div>","protected":false},"excerpt":{"rendered":"<p>[vc_row full_width=&#8220;stretch_row&#8220; gap=&#8220;35&#8243; css=&#8220;.vc_custom_1676986927249{background-color: #6bc073 !important;}&#8220; conditional_render=&#8220;%5B%7B%22value_role%22%3A%22administrator%22%7D%5D&#8220; el_class=&#8220;formmainrow&#8220;][vc_column][vc_row_inner][vc_column_inner][vc_empty_space height=&#8220;70&#8243;][\/vc_column_inner][\/vc_row_inner][vc_row_inner css=&#8220;.vc_custom_1676751334032{padding-top: 50px !important;}&#8220;][vc_column_inner width=&#8220;1\/2&#8243;][vc_column_text] Anfrage f\u00fcr eine Beratung Vielen Dank f\u00fcr Ihr Interesse. Egal, ob es sich um Machbarkeits- oder Preisanfrage f\u00fcr ein bevorstehendes Projekt oder um eine methodische Frage oder eine Frage zu unserem Leistungsspektrum handelt, unser Expertenteam freut sich auf die Gelegenheit, mit Ihnen [&hellip;]<\/p>\n","protected":false},"author":6,"featured_media":51330,"parent":7126,"menu_order":0,"comment_status":"closed","ping_status":"closed","template":"","meta":{"_acf_changed":false,"content-type":"","footnotes":""},"categories":[],"tags":[],"city":[],"class_list":["post-29000","page","type-page","status-publish","has-post-thumbnail","hentry"],"acf":[],"yoast_head":"<!-- This site is optimized with the Yoast SEO Premium plugin v19.7 (Yoast SEO v27.3) - https:\/\/yoast.com\/product\/yoast-seo-premium-wordpress\/ -->\n<title>Beratung anfragen | Sprechen wir \u00fcber Marktforschung<\/title>\n<meta name=\"description\" content=\"Egal ob es sich um ein bevorstehendes Projekt oder eine methodische Frage oder einem Service handelt, unser Expertenteam freut sich auf die Gelegenheit, mit Ihnen in Kontakt zu treten.\" \/>\n<meta name=\"robots\" content=\"index, follow, max-snippet:-1, max-image-preview:large, max-video-preview:-1\" \/>\n<link rel=\"canonical\" href=\"https:\/\/sago.com\/de\/kontakt\/anfrage-fuer-eine-beratung\/\" \/>\n<meta property=\"og:locale\" content=\"de_DE\" \/>\n<meta property=\"og:type\" content=\"article\" \/>\n<meta property=\"og:title\" content=\"Anfrage f\u00fcr eine Beratung\" \/>\n<meta property=\"og:description\" content=\"Egal ob es sich um ein bevorstehendes Projekt oder eine methodische Frage oder einem Service handelt, unser Expertenteam freut sich auf die Gelegenheit, mit Ihnen in Kontakt zu treten.\" \/>\n<meta property=\"og:url\" content=\"https:\/\/sago.com\/de\/kontakt\/anfrage-fuer-eine-beratung\/\" \/>\n<meta property=\"og:site_name\" content=\"Sago\" \/>\n<meta property=\"article:publisher\" content=\"https:\/\/www.facebook.com\/sagomrx\" \/>\n<meta property=\"article:modified_time\" content=\"2025-12-22T07:09:05+00:00\" \/>\n<meta property=\"og:image\" content=\"https:\/\/sago.com\/wp-content\/uploads\/2023\/02\/Sago-Standard-Logo.jpg\" \/>\n\t<meta property=\"og:image:width\" content=\"200\" \/>\n\t<meta property=\"og:image:height\" content=\"200\" \/>\n\t<meta property=\"og:image:type\" content=\"image\/jpeg\" \/>\n<meta name=\"twitter:card\" content=\"summary_large_image\" \/>\n<meta name=\"twitter:site\" content=\"@sagomrx\" \/>\n<meta name=\"twitter:label1\" content=\"Gesch\u00e4tzte Lesezeit\" \/>\n\t<meta name=\"twitter:data1\" content=\"1\u00a0Minute\" \/>\n<script type=\"application\/ld+json\" class=\"yoast-schema-graph\">{\"@context\":\"https:\\\/\\\/schema.org\",\"@graph\":[{\"@type\":\"WebPage\",\"@id\":\"https:\\\/\\\/sago.com\\\/de\\\/kontakt\\\/anfrage-fuer-eine-beratung\\\/\",\"url\":\"https:\\\/\\\/sago.com\\\/de\\\/kontakt\\\/anfrage-fuer-eine-beratung\\\/\",\"name\":\"Beratung anfragen | Sprechen wir \u00fcber Marktforschung\",\"isPartOf\":{\"@id\":\"https:\\\/\\\/sago.com\\\/de\\\/#website\"},\"primaryImageOfPage\":{\"@id\":\"https:\\\/\\\/sago.com\\\/de\\\/kontakt\\\/anfrage-fuer-eine-beratung\\\/#primaryimage\"},\"image\":{\"@id\":\"https:\\\/\\\/sago.com\\\/de\\\/kontakt\\\/anfrage-fuer-eine-beratung\\\/#primaryimage\"},\"thumbnailUrl\":\"https:\\\/\\\/sago.com\\\/wp-content\\\/uploads\\\/2023\\\/02\\\/Sago-Standard-Logo.jpg\",\"datePublished\":\"2020-07-15T10:39:06+00:00\",\"dateModified\":\"2025-12-22T07:09:05+00:00\",\"description\":\"Egal ob es sich um ein bevorstehendes Projekt oder eine methodische Frage oder einem Service handelt, unser Expertenteam freut sich auf die Gelegenheit, mit Ihnen in Kontakt zu treten.\",\"breadcrumb\":{\"@id\":\"https:\\\/\\\/sago.com\\\/de\\\/kontakt\\\/anfrage-fuer-eine-beratung\\\/#breadcrumb\"},\"inLanguage\":\"de\",\"potentialAction\":[{\"@type\":\"ReadAction\",\"target\":[\"https:\\\/\\\/sago.com\\\/de\\\/kontakt\\\/anfrage-fuer-eine-beratung\\\/\"]}]},{\"@type\":\"ImageObject\",\"inLanguage\":\"de\",\"@id\":\"https:\\\/\\\/sago.com\\\/de\\\/kontakt\\\/anfrage-fuer-eine-beratung\\\/#primaryimage\",\"url\":\"https:\\\/\\\/sago.com\\\/wp-content\\\/uploads\\\/2023\\\/02\\\/Sago-Standard-Logo.jpg\",\"contentUrl\":\"https:\\\/\\\/sago.com\\\/wp-content\\\/uploads\\\/2023\\\/02\\\/Sago-Standard-Logo.jpg\",\"width\":200,\"height\":200,\"caption\":\"logo\"},{\"@type\":\"BreadcrumbList\",\"@id\":\"https:\\\/\\\/sago.com\\\/de\\\/kontakt\\\/anfrage-fuer-eine-beratung\\\/#breadcrumb\",\"itemListElement\":[{\"@type\":\"ListItem\",\"position\":1,\"name\":\"Home\",\"item\":\"https:\\\/\\\/sago.com\\\/de\\\/\"},{\"@type\":\"ListItem\",\"position\":2,\"name\":\"Kontakt\",\"item\":\"https:\\\/\\\/sago.com\\\/de\\\/kontakt\\\/\"},{\"@type\":\"ListItem\",\"position\":3,\"name\":\"Anfrage f\u00fcr eine Beratung\"}]},{\"@type\":\"WebSite\",\"@id\":\"https:\\\/\\\/sago.com\\\/de\\\/#website\",\"url\":\"https:\\\/\\\/sago.com\\\/de\\\/\",\"name\":\"Sago\",\"description\":\"Adaptable Solutions. Confident Decisions.\",\"publisher\":{\"@id\":\"https:\\\/\\\/sago.com\\\/de\\\/#organization\"},\"potentialAction\":[{\"@type\":\"SearchAction\",\"target\":{\"@type\":\"EntryPoint\",\"urlTemplate\":\"https:\\\/\\\/sago.com\\\/de\\\/?s={search_term_string}\"},\"query-input\":{\"@type\":\"PropertyValueSpecification\",\"valueRequired\":true,\"valueName\":\"search_term_string\"}}],\"inLanguage\":\"de\"},{\"@type\":\"Organization\",\"@id\":\"https:\\\/\\\/sago.com\\\/de\\\/#organization\",\"name\":\"Sago\",\"url\":\"https:\\\/\\\/sago.com\\\/de\\\/\",\"logo\":{\"@type\":\"ImageObject\",\"inLanguage\":\"de\",\"@id\":\"https:\\\/\\\/sago.com\\\/de\\\/#\\\/schema\\\/logo\\\/image\\\/\",\"url\":\"https:\\\/\\\/3c98cd88ae.nxcli.io\\\/wp-content\\\/uploads\\\/2023\\\/02\\\/Sago-Standard-Logo.jpg\",\"contentUrl\":\"https:\\\/\\\/3c98cd88ae.nxcli.io\\\/wp-content\\\/uploads\\\/2023\\\/02\\\/Sago-Standard-Logo.jpg\",\"width\":200,\"height\":200,\"caption\":\"Sago\"},\"image\":{\"@id\":\"https:\\\/\\\/sago.com\\\/de\\\/#\\\/schema\\\/logo\\\/image\\\/\"},\"sameAs\":[\"https:\\\/\\\/www.facebook.com\\\/sagomrx\",\"https:\\\/\\\/x.com\\\/sagomrx\",\"https:\\\/\\\/www.instagram.com\\\/sagomrx\\\/\",\"https:\\\/\\\/www.youtube.com\\\/@sago-mrx\",\"https:\\\/\\\/www.linkedin.com\\\/company\\\/sago-mrx\\\/\",\"https:\\\/\\\/vimeo.com\\\/sagomrx\"]}]}<\/script>\n<!-- \/ Yoast SEO Premium plugin. -->","yoast_head_json":{"title":"Beratung anfragen | Sprechen wir \u00fcber Marktforschung","description":"Egal ob es sich um ein bevorstehendes Projekt oder eine methodische Frage oder einem Service handelt, unser Expertenteam freut sich auf die Gelegenheit, mit Ihnen in Kontakt zu treten.","robots":{"index":"index","follow":"follow","max-snippet":"max-snippet:-1","max-image-preview":"max-image-preview:large","max-video-preview":"max-video-preview:-1"},"canonical":"https:\/\/sago.com\/de\/kontakt\/anfrage-fuer-eine-beratung\/","og_locale":"de_DE","og_type":"article","og_title":"Anfrage f\u00fcr eine Beratung","og_description":"Egal ob es sich um ein bevorstehendes Projekt oder eine methodische Frage oder einem Service handelt, unser Expertenteam freut sich auf die Gelegenheit, mit Ihnen in Kontakt zu treten.","og_url":"https:\/\/sago.com\/de\/kontakt\/anfrage-fuer-eine-beratung\/","og_site_name":"Sago","article_publisher":"https:\/\/www.facebook.com\/sagomrx","article_modified_time":"2025-12-22T07:09:05+00:00","og_image":[{"width":200,"height":200,"url":"https:\/\/sago.com\/wp-content\/uploads\/2023\/02\/Sago-Standard-Logo.jpg","type":"image\/jpeg"}],"twitter_card":"summary_large_image","twitter_site":"@sagomrx","twitter_misc":{"Gesch\u00e4tzte Lesezeit":"1\u00a0Minute"},"schema":{"@context":"https:\/\/schema.org","@graph":[{"@type":"WebPage","@id":"https:\/\/sago.com\/de\/kontakt\/anfrage-fuer-eine-beratung\/","url":"https:\/\/sago.com\/de\/kontakt\/anfrage-fuer-eine-beratung\/","name":"Beratung anfragen | Sprechen wir \u00fcber Marktforschung","isPartOf":{"@id":"https:\/\/sago.com\/de\/#website"},"primaryImageOfPage":{"@id":"https:\/\/sago.com\/de\/kontakt\/anfrage-fuer-eine-beratung\/#primaryimage"},"image":{"@id":"https:\/\/sago.com\/de\/kontakt\/anfrage-fuer-eine-beratung\/#primaryimage"},"thumbnailUrl":"https:\/\/sago.com\/wp-content\/uploads\/2023\/02\/Sago-Standard-Logo.jpg","datePublished":"2020-07-15T10:39:06+00:00","dateModified":"2025-12-22T07:09:05+00:00","description":"Egal ob es sich um ein bevorstehendes Projekt oder eine methodische Frage oder einem Service handelt, unser Expertenteam freut sich auf die Gelegenheit, mit Ihnen in Kontakt zu treten.","breadcrumb":{"@id":"https:\/\/sago.com\/de\/kontakt\/anfrage-fuer-eine-beratung\/#breadcrumb"},"inLanguage":"de","potentialAction":[{"@type":"ReadAction","target":["https:\/\/sago.com\/de\/kontakt\/anfrage-fuer-eine-beratung\/"]}]},{"@type":"ImageObject","inLanguage":"de","@id":"https:\/\/sago.com\/de\/kontakt\/anfrage-fuer-eine-beratung\/#primaryimage","url":"https:\/\/sago.com\/wp-content\/uploads\/2023\/02\/Sago-Standard-Logo.jpg","contentUrl":"https:\/\/sago.com\/wp-content\/uploads\/2023\/02\/Sago-Standard-Logo.jpg","width":200,"height":200,"caption":"logo"},{"@type":"BreadcrumbList","@id":"https:\/\/sago.com\/de\/kontakt\/anfrage-fuer-eine-beratung\/#breadcrumb","itemListElement":[{"@type":"ListItem","position":1,"name":"Home","item":"https:\/\/sago.com\/de\/"},{"@type":"ListItem","position":2,"name":"Kontakt","item":"https:\/\/sago.com\/de\/kontakt\/"},{"@type":"ListItem","position":3,"name":"Anfrage f\u00fcr eine Beratung"}]},{"@type":"WebSite","@id":"https:\/\/sago.com\/de\/#website","url":"https:\/\/sago.com\/de\/","name":"Sago","description":"Adaptable Solutions. Confident Decisions.","publisher":{"@id":"https:\/\/sago.com\/de\/#organization"},"potentialAction":[{"@type":"SearchAction","target":{"@type":"EntryPoint","urlTemplate":"https:\/\/sago.com\/de\/?s={search_term_string}"},"query-input":{"@type":"PropertyValueSpecification","valueRequired":true,"valueName":"search_term_string"}}],"inLanguage":"de"},{"@type":"Organization","@id":"https:\/\/sago.com\/de\/#organization","name":"Sago","url":"https:\/\/sago.com\/de\/","logo":{"@type":"ImageObject","inLanguage":"de","@id":"https:\/\/sago.com\/de\/#\/schema\/logo\/image\/","url":"https:\/\/3c98cd88ae.nxcli.io\/wp-content\/uploads\/2023\/02\/Sago-Standard-Logo.jpg","contentUrl":"https:\/\/3c98cd88ae.nxcli.io\/wp-content\/uploads\/2023\/02\/Sago-Standard-Logo.jpg","width":200,"height":200,"caption":"Sago"},"image":{"@id":"https:\/\/sago.com\/de\/#\/schema\/logo\/image\/"},"sameAs":["https:\/\/www.facebook.com\/sagomrx","https:\/\/x.com\/sagomrx","https:\/\/www.instagram.com\/sagomrx\/","https:\/\/www.youtube.com\/@sago-mrx","https:\/\/www.linkedin.com\/company\/sago-mrx\/","https:\/\/vimeo.com\/sagomrx"]}]}},"_links":{"self":[{"href":"https:\/\/sago.com\/de\/wp-json\/wp\/v2\/pages\/29000","targetHints":{"allow":["GET"]}}],"collection":[{"href":"https:\/\/sago.com\/de\/wp-json\/wp\/v2\/pages"}],"about":[{"href":"https:\/\/sago.com\/de\/wp-json\/wp\/v2\/types\/page"}],"author":[{"embeddable":true,"href":"https:\/\/sago.com\/de\/wp-json\/wp\/v2\/users\/6"}],"replies":[{"embeddable":true,"href":"https:\/\/sago.com\/de\/wp-json\/wp\/v2\/comments?post=29000"}],"version-history":[{"count":0,"href":"https:\/\/sago.com\/de\/wp-json\/wp\/v2\/pages\/29000\/revisions"}],"up":[{"embeddable":true,"href":"https:\/\/sago.com\/de\/wp-json\/wp\/v2\/pages\/7126"}],"wp:featuredmedia":[{"embeddable":true,"href":"https:\/\/sago.com\/de\/wp-json\/wp\/v2\/media\/51330"}],"wp:attachment":[{"href":"https:\/\/sago.com\/de\/wp-json\/wp\/v2\/media?parent=29000"}],"wp:term":[{"taxonomy":"category","embeddable":true,"href":"https:\/\/sago.com\/de\/wp-json\/wp\/v2\/categories?post=29000"},{"taxonomy":"post_tag","embeddable":true,"href":"https:\/\/sago.com\/de\/wp-json\/wp\/v2\/tags?post=29000"},{"taxonomy":"city","embeddable":true,"href":"https:\/\/sago.com\/de\/wp-json\/wp\/v2\/city?post=29000"}],"curies":[{"name":"wp","href":"https:\/\/api.w.org\/{rel}","templated":true}]}}